{"id":6490,"date":"2020-12-03T12:45:48","date_gmt":"2020-12-03T17:45:48","guid":{"rendered":"https:\/\/media.legendboats.com\/pontons\/q-series-le\/"},"modified":"2025-06-26T14:10:38","modified_gmt":"2025-06-26T18:10:38","slug":"serie-q-le","status":"publish","type":"page","link":"https:\/\/media.legendboats.com\/fr\/pontons\/serie-q-le\/","title":{"rendered":"S\u00e9rie Q LE"},"content":{"rendered":"<section class=\"wpb-content-wrapper\"><p>[vc_row][vc_column][vc_empty_space][\/vc_column][\/vc_row][vc_row][vc_column][vc_custom_heading text=\u00a0\u00bbS\u00e9rie Q LE\u00a0\u00bb font_container=\u00a0\u00bbtag:h1|text_align:left\u00a0\u00bb use_theme_fonts=\u00a0\u00bbyes\u00a0\u00bb][\/vc_column][\/vc_row][vc_row][vc_column][vc_row_inner][vc_column_inner]\t\t\t\t<div class=\"wpb_column vc_column_container vc_col-sm-3\">\n\t\t\t\t\t<div class=\"vc_column-inner \">\n\t\t\t\t\t\t<div class=\"wpb_wrapper\">\n\t\t\t\t\t\t\t<div class=\"gallery-grid-box\">\t\t         \t\t\t\t\t\n\t\t\t\t\t\t\t\t<div class=\"box\">\t\t         \t\t\t\t\t\n\t\t\t\t\t\t\t\t\t<img decoding=\"async\" class=\"images\" src=\"https:\/\/legend-media-vault.s3.us-west-2.amazonaws.com\/wp-content\/uploads\/2024\/05\/27115106\/Q_Series-LE_19-Flex_DSC06332-1.png\">   \n\t\t\t\t\t\t\t\t\t<span class=\"caption simple-caption\">\n\t\t\t\t\t\t\t\t\t\t<a href=\"https:\/\/media.legendboats.com\/fr\/pontons\/serie-q-le-19-flex\/\" class=\"btn get-btn\">VOIR LA GALERIE<\/a>\n\t\t\t\t\t\t\t\t\t<\/span>   \n\t\t\t\t\t\t\t\t<\/div>\n\t\t\t\t\t\t\t\t<h3>S\u00e9rie Q-LE 19 Flex<\/h3>\n\t\t\t\t\t\t\t<\/div>\n\t\t\t\t\t\t<\/div>\n\t\t\t\t\t<\/div>\n\t\t\t\t<\/div>\n\t\t\t\t\t\t\t<div class=\"wpb_column vc_column_container vc_col-sm-3\">\n\t\t\t\t\t<div class=\"vc_column-inner \">\n\t\t\t\t\t\t<div class=\"wpb_wrapper\">\n\t\t\t\t\t\t\t<div class=\"gallery-grid-box\">\t\t         \t\t\t\t\t\n\t\t\t\t\t\t\t\t<div class=\"box\">\t\t         \t\t\t\t\t\n\t\t\t\t\t\t\t\t\t<img decoding=\"async\" class=\"images\" src=\"https:\/\/legend-media-vault.s3.us-west-2.amazonaws.com\/wp-content\/uploads\/2023\/12\/12093209\/DSC07912_Profile.png\">   \n\t\t\t\t\t\t\t\t\t<span class=\"caption simple-caption\">\n\t\t\t\t\t\t\t\t\t\t<a href=\"https:\/\/media.legendboats.com\/fr\/pontons\/serie-q-le-15-cruise\/\" class=\"btn get-btn\">VOIR LA GALERIE<\/a>\n\t\t\t\t\t\t\t\t\t<\/span>   \n\t\t\t\t\t\t\t\t<\/div>\n\t\t\t\t\t\t\t\t<h3>S\u00e9rie Q-LE 15 Cruise<\/h3>\n\t\t\t\t\t\t\t<\/div>\n\t\t\t\t\t\t<\/div>\n\t\t\t\t\t<\/div>\n\t\t\t\t<\/div>\n\t\t\t\t\t\t\t<div class=\"wpb_column vc_column_container vc_col-sm-3\">\n\t\t\t\t\t<div class=\"vc_column-inner \">\n\t\t\t\t\t\t<div class=\"wpb_wrapper\">\n\t\t\t\t\t\t\t<div class=\"gallery-grid-box\">\t\t         \t\t\t\t\t\n\t\t\t\t\t\t\t\t<div class=\"box\">\t\t         \t\t\t\t\t\n\t\t\t\t\t\t\t\t\t<img decoding=\"async\" class=\"images\" src=\"https:\/\/legend-media-vault.s3.us-west-2.amazonaws.com\/wp-content\/uploads\/2023\/12\/07125258\/2024_QLE21_Lounge_Profile.png\">   \n\t\t\t\t\t\t\t\t\t<span class=\"caption simple-caption\">\n\t\t\t\t\t\t\t\t\t\t<a href=\"https:\/\/media.legendboats.com\/fr\/pontons\/serie-q-le-21-lounge\/\" class=\"btn get-btn\">VOIR LA GALERIE<\/a>\n\t\t\t\t\t\t\t\t\t<\/span>   \n\t\t\t\t\t\t\t\t<\/div>\n\t\t\t\t\t\t\t\t<h3>S\u00e9rie Q-LE 21 Lounge<\/h3>\n\t\t\t\t\t\t\t<\/div>\n\t\t\t\t\t\t<\/div>\n\t\t\t\t\t<\/div>\n\t\t\t\t<\/div>\n\t\t\t\t\t\t\t<div class=\"wpb_column vc_column_container vc_col-sm-3\">\n\t\t\t\t\t<div class=\"vc_column-inner \">\n\t\t\t\t\t\t<div class=\"wpb_wrapper\">\n\t\t\t\t\t\t\t<div class=\"gallery-grid-box\">\t\t         \t\t\t\t\t\n\t\t\t\t\t\t\t\t<div class=\"box\">\t\t         \t\t\t\t\t\n\t\t\t\t\t\t\t\t\t<img decoding=\"async\" class=\"images\" src=\"https:\/\/legend-media-vault.s3.us-west-2.amazonaws.com\/wp-content\/uploads\/2023\/12\/07123904\/2024_QLE19_Lounge_Profile.png\">   \n\t\t\t\t\t\t\t\t\t<span class=\"caption simple-caption\">\n\t\t\t\t\t\t\t\t\t\t<a href=\"https:\/\/media.legendboats.com\/fr\/pontons\/serie-q-le-19-lounge\/\" class=\"btn get-btn\">VOIR LA GALERIE<\/a>\n\t\t\t\t\t\t\t\t\t<\/span>   \n\t\t\t\t\t\t\t\t<\/div>\n\t\t\t\t\t\t\t\t<h3>S\u00e9rie Q-LE 19 Lounge<\/h3>\n\t\t\t\t\t\t\t<\/div>\n\t\t\t\t\t\t<\/div>\n\t\t\t\t\t<\/div>\n\t\t\t\t<\/div>\n\t\t\t\t\t\t\t<div class=\"wpb_column vc_column_container vc_col-sm-3\">\n\t\t\t\t\t<div class=\"vc_column-inner \">\n\t\t\t\t\t\t<div class=\"wpb_wrapper\">\n\t\t\t\t\t\t\t<div class=\"gallery-grid-box\">\t\t         \t\t\t\t\t\n\t\t\t\t\t\t\t\t<div class=\"box\">\t\t         \t\t\t\t\t\n\t\t\t\t\t\t\t\t\t<img decoding=\"async\" class=\"images\" src=\"https:\/\/legend-media-vault.s3.us-west-2.amazonaws.com\/wp-content\/uploads\/2023\/12\/07122853\/2024_QLE19_Cruise_Cog_Profile_DSC05354.png\">   \n\t\t\t\t\t\t\t\t\t<span class=\"caption simple-caption\">\n\t\t\t\t\t\t\t\t\t\t<a href=\"https:\/\/media.legendboats.com\/fr\/pontons\/serie-q-le-19-cruise\/\" class=\"btn get-btn\">VOIR LA GALERIE<\/a>\n\t\t\t\t\t\t\t\t\t<\/span>   \n\t\t\t\t\t\t\t\t<\/div>\n\t\t\t\t\t\t\t\t<h3>S\u00e9rie Q-LE 19 Cruise<\/h3>\n\t\t\t\t\t\t\t<\/div>\n\t\t\t\t\t\t<\/div>\n\t\t\t\t\t<\/div>\n\t\t\t\t<\/div>\n\t\t\t\t\t\t\t<div class=\"wpb_column vc_column_container vc_col-sm-3\">\n\t\t\t\t\t<div class=\"vc_column-inner \">\n\t\t\t\t\t\t<div class=\"wpb_wrapper\">\n\t\t\t\t\t\t\t<div class=\"gallery-grid-box\">\t\t         \t\t\t\t\t\n\t\t\t\t\t\t\t\t<div class=\"box\">\t\t         \t\t\t\t\t\n\t\t\t\t\t\t\t\t\t<img decoding=\"async\" class=\"images\" src=\"https:\/\/legend-media-vault.s3.us-west-2.amazonaws.com\/wp-content\/uploads\/2023\/12\/07120532\/2024_QLE19_CottageEXT_Profile.png\">   \n\t\t\t\t\t\t\t\t\t<span class=\"caption simple-caption\">\n\t\t\t\t\t\t\t\t\t\t<a href=\"https:\/\/media.legendboats.com\/fr\/pontons\/serie-q-le-19-cottage-ext\/\" class=\"btn get-btn\">VOIR LA GALERIE<\/a>\n\t\t\t\t\t\t\t\t\t<\/span>   \n\t\t\t\t\t\t\t\t<\/div>\n\t\t\t\t\t\t\t\t<h3>S\u00e9rie Q-LE 19 Cottage EXT<\/h3>\n\t\t\t\t\t\t\t<\/div>\n\t\t\t\t\t\t<\/div>\n\t\t\t\t\t<\/div>\n\t\t\t\t<\/div>\n\t\t\t\t\t\t\t<div class=\"wpb_column vc_column_container vc_col-sm-3\">\n\t\t\t\t\t<div class=\"vc_column-inner \">\n\t\t\t\t\t\t<div class=\"wpb_wrapper\">\n\t\t\t\t\t\t\t<div class=\"gallery-grid-box\">\t\t         \t\t\t\t\t\n\t\t\t\t\t\t\t\t<div class=\"box\">\t\t         \t\t\t\t\t\n\t\t\t\t\t\t\t\t\t<img decoding=\"async\" class=\"images\" src=\"https:\/\/legend-media-vault.s3.us-west-2.amazonaws.com\/wp-content\/uploads\/2023\/12\/07120016\/2024_QLE17_Cottage_Profile.png\">   \n\t\t\t\t\t\t\t\t\t<span class=\"caption simple-caption\">\n\t\t\t\t\t\t\t\t\t\t<a href=\"https:\/\/media.legendboats.com\/fr\/pontons\/q-series-le-17-cottage\/\" class=\"btn get-btn\">VOIR LA GALERIE<\/a>\n\t\t\t\t\t\t\t\t\t<\/span>   \n\t\t\t\t\t\t\t\t<\/div>\n\t\t\t\t\t\t\t\t<h3>S\u00e9rie Q-LE 17 Cottage<\/h3>\n\t\t\t\t\t\t\t<\/div>\n\t\t\t\t\t\t<\/div>\n\t\t\t\t\t<\/div>\n\t\t\t\t<\/div>\n\t\t\t[\/vc_column_inner][\/vc_row_inner][\/vc_column][\/vc_row][vc_row][vc_column][vc_empty_space][\/vc_column][\/vc_row][vc_row][vc_column][vc_custom_heading text=\u00a0\u00bbFeatured Images\u00a0\u00bb use_theme_fonts=\u00a0\u00bbyes\u00a0\u00bb][\/vc_column][\/vc_row][vc_row][vc_column width=\u00a0\u00bb1\/3&Prime;]\n\t\t\t\t<div class=\"box\">\n                    <img decoding=\"async\" class=\"images\" src=\"https:\/\/legend-media-vault.s3.us-west-2.amazonaws.com\/wp-content\/uploads\/2020\/12\/03115105\/qseries-19-le-lounge-front-couch-31-600x400.jpg\">    \n                    <span class=\"caption simple-caption\">\n                        <strong class=\"img-heading\">Q-Series LE 19 Lounge: Front Couch<\/strong><br>\n                        <div class=\"download\"><span>T\u00e9l\u00e9charger haute r\u00e9solution<\/span><a href=\"https:\/\/legend-media-vault.s3.us-west-2.amazonaws.com\/wp-content\/uploads\/2020\/12\/03115101\/qseries-19-le-lounge-front-couch-3.jpg\" class=\"btn get-btn pull-right\" target=\"blank\" download=\"\">OBTENIR<\/a><\/div>\n                        <div class=\"download\"><span>T\u00e9l\u00e9charger base r\u00e9solutionir<\/span><a href=\"https:\/\/legend-media-vault.s3.us-west-2.amazonaws.com\/wp-content\/uploads\/2020\/12\/03115105\/qseries-19-le-lounge-front-couch-31.jpg\" class=\"btn get-btn pull-right\" target=\"blank\" download=\"\">OBTENIR<\/a><\/div>\n                    <\/span>  \n                <\/div>\n\n          [\/vc_column][vc_column width=\u00a0\u00bb1\/3&Prime;]\n\t\t\t\t<div class=\"box\">\n                    <img decoding=\"async\" class=\"images\" src=\"https:\/\/legend-media-vault.s3.us-west-2.amazonaws.com\/wp-content\/uploads\/2020\/12\/03115217\/qseries-19-le-lounge-front-couch-table1-600x400.jpg\">    \n                    <span class=\"caption simple-caption\">\n                        <strong class=\"img-heading\">Q-Series LE 19 Lounge: Front Table<\/strong><br>\n                        <div class=\"download\"><span>T\u00e9l\u00e9charger haute r\u00e9solution<\/span><a href=\"https:\/\/legend-media-vault.s3.us-west-2.amazonaws.com\/wp-content\/uploads\/2020\/12\/03115212\/qseries-19-le-lounge-front-couch-table.jpg\" class=\"btn get-btn pull-right\" target=\"blank\" download=\"\">OBTENIR<\/a><\/div>\n                        <div class=\"download\"><span>T\u00e9l\u00e9charger base r\u00e9solutionir<\/span><a href=\"https:\/\/legend-media-vault.s3.us-west-2.amazonaws.com\/wp-content\/uploads\/2020\/12\/03115217\/qseries-19-le-lounge-front-couch-table1.jpg\" class=\"btn get-btn pull-right\" target=\"blank\" download=\"\">OBTENIR<\/a><\/div>\n                    <\/span>  \n                <\/div>\n\n          [\/vc_column][vc_column width=\u00a0\u00bb1\/3&Prime;]\n\t\t\t\t<div class=\"box\">\n                    <img decoding=\"async\" class=\"images\" src=\"https:\/\/legend-media-vault.s3.us-west-2.amazonaws.com\/wp-content\/uploads\/2020\/12\/03115339\/qseries-19-le-lounge-front-couch-usb-600x400.jpg\">    \n                    <span class=\"caption simple-caption\">\n                        <strong class=\"img-heading\">Q-Series LE 19 Lounge: Front Couch USB<\/strong><br>\n                        <div class=\"download\"><span>T\u00e9l\u00e9charger haute r\u00e9solution<\/span><a href=\"https:\/\/legend-media-vault.s3.us-west-2.amazonaws.com\/wp-content\/uploads\/2020\/12\/03115347\/qseries-19-le-lounge-front-couch-usb1.jpg\" class=\"btn get-btn pull-right\" target=\"blank\" download=\"\">OBTENIR<\/a><\/div>\n                        <div class=\"download\"><span>T\u00e9l\u00e9charger base r\u00e9solutionir<\/span><a href=\"https:\/\/legend-media-vault.s3.us-west-2.amazonaws.com\/wp-content\/uploads\/2020\/12\/03115339\/qseries-19-le-lounge-front-couch-usb.jpg\" class=\"btn get-btn pull-right\" target=\"blank\" download=\"\">OBTENIR<\/a><\/div>\n                    <\/span>  \n                <\/div>\n\n          [\/vc_column][\/vc_row][vc_row][vc_column width=\u00a0\u00bb1\/3&Prime;]\n\t\t\t\t<div class=\"box\">\n                    <img decoding=\"async\" class=\"images\" src=\"https:\/\/legend-media-vault.s3.us-west-2.amazonaws.com\/wp-content\/uploads\/2020\/12\/03115450\/qseries-19-le-lounge-front-couches1-600x400.jpg\">    \n                    <span class=\"caption simple-caption\">\n                        <strong class=\"img-heading\">Q-Series LE 19 Lounge: Front Couches Above<\/strong><br>\n                        <div class=\"download\"><span>T\u00e9l\u00e9charger haute r\u00e9solution<\/span><a href=\"https:\/\/legend-media-vault.s3.us-west-2.amazonaws.com\/wp-content\/uploads\/2020\/12\/03115444\/qseries-19-le-lounge-front-couches.jpg\" class=\"btn get-btn pull-right\" target=\"blank\" download=\"\">OBTENIR<\/a><\/div>\n                        <div class=\"download\"><span>T\u00e9l\u00e9charger base r\u00e9solutionir<\/span><a href=\"https:\/\/legend-media-vault.s3.us-west-2.amazonaws.com\/wp-content\/uploads\/2020\/12\/03115450\/qseries-19-le-lounge-front-couches1.jpg\" class=\"btn get-btn pull-right\" target=\"blank\" download=\"\">OBTENIR<\/a><\/div>\n                    <\/span>  \n                <\/div>\n\n          [\/vc_column][vc_column width=\u00a0\u00bb1\/3&Prime;]\n\t\t\t\t<div class=\"box\">\n                    <img decoding=\"async\" class=\"images\" src=\"https:\/\/legend-media-vault.s3.us-west-2.amazonaws.com\/wp-content\/uploads\/2020\/12\/03115518\/qseries-19-le-lounge-rear-lounge-600x400.jpg\">    \n                    <span class=\"caption simple-caption\">\n                        <strong class=\"img-heading\">Q-Series LE 19 Lounge: Rear Lounge<\/strong><br>\n                        <div class=\"download\"><span>T\u00e9l\u00e9charger haute r\u00e9solution<\/span><a href=\"https:\/\/legend-media-vault.s3.us-west-2.amazonaws.com\/wp-content\/uploads\/2020\/12\/03115526\/qseries-19-le-lounge-rear-lounge1.jpg\" class=\"btn get-btn pull-right\" target=\"blank\" download=\"\">OBTENIR<\/a><\/div>\n                        <div class=\"download\"><span>T\u00e9l\u00e9charger base r\u00e9solutionir<\/span><a href=\"https:\/\/legend-media-vault.s3.us-west-2.amazonaws.com\/wp-content\/uploads\/2020\/12\/03115518\/qseries-19-le-lounge-rear-lounge.jpg\" class=\"btn get-btn pull-right\" target=\"blank\" download=\"\">OBTENIR<\/a><\/div>\n                    <\/span>  \n                <\/div>\n\n          [\/vc_column][vc_column width=\u00a0\u00bb1\/3&Prime;]\n\t\t\t\t<div class=\"box\">\n                    <img decoding=\"async\" class=\"images\" src=\"https:\/\/legend-media-vault.s3.us-west-2.amazonaws.com\/wp-content\/uploads\/2020\/12\/03121850\/Q-Series-23-LE-Lounge-front-couches-angle1-600x400.jpg\">    \n                    <span class=\"caption simple-caption\">\n                        <strong class=\"img-heading\">Q-Series LE 23 Lounge: Front Couches Angle<\/strong><br>\n                        <div class=\"download\"><span>T\u00e9l\u00e9charger haute r\u00e9solution<\/span><a href=\"https:\/\/legend-media-vault.s3.us-west-2.amazonaws.com\/wp-content\/uploads\/2020\/12\/03121845\/Q-Series-23-LE-Lounge-front-couches-angle.jpg\" class=\"btn get-btn pull-right\" target=\"blank\" download=\"\">OBTENIR<\/a><\/div>\n                        <div class=\"download\"><span>T\u00e9l\u00e9charger base r\u00e9solutionir<\/span><a href=\"https:\/\/legend-media-vault.s3.us-west-2.amazonaws.com\/wp-content\/uploads\/2020\/12\/03121850\/Q-Series-23-LE-Lounge-front-couches-angle1.jpg\" class=\"btn get-btn pull-right\" target=\"blank\" download=\"\">OBTENIR<\/a><\/div>\n                    <\/span>  \n                <\/div>\n\n          [\/vc_column][\/vc_row][vc_row][vc_column width=\u00a0\u00bb1\/3&Prime;]\n\t\t\t\t<div class=\"box\">\n                    <img decoding=\"async\" class=\"images\" src=\"https:\/\/legend-media-vault.s3.us-west-2.amazonaws.com\/wp-content\/uploads\/2020\/12\/03122053\/Q-Series-23-LE-Lounge-stereo-600x400.jpg\">    \n                    <span class=\"caption simple-caption\">\n                        <strong class=\"img-heading\">Q-Series LE 23 Lounge: Stereo<\/strong><br>\n                        <div class=\"download\"><span>T\u00e9l\u00e9charger haute r\u00e9solution<\/span><a href=\"https:\/\/legend-media-vault.s3.us-west-2.amazonaws.com\/wp-content\/uploads\/2020\/12\/03122102\/Q-Series-23-LE-Lounge-stereo1.jpg\" class=\"btn get-btn pull-right\" target=\"blank\" download=\"\">OBTENIR<\/a><\/div>\n                        <div class=\"download\"><span>T\u00e9l\u00e9charger base r\u00e9solutionir<\/span><a href=\"https:\/\/legend-media-vault.s3.us-west-2.amazonaws.com\/wp-content\/uploads\/2020\/12\/03122053\/Q-Series-23-LE-Lounge-stereo.jpg\" class=\"btn get-btn pull-right\" target=\"blank\" download=\"\">OBTENIR<\/a><\/div>\n                    <\/span>  \n                <\/div>\n\n          [\/vc_column][vc_column width=\u00a0\u00bb1\/3&Prime;]\n\t\t\t\t<div class=\"box\">\n                    <img decoding=\"async\" class=\"images\" src=\"https:\/\/legend-media-vault.s3.us-west-2.amazonaws.com\/wp-content\/uploads\/2020\/12\/03121923\/Q-Series-23-LE-Lounge-rear-lounger-2-600x400.jpg\">    \n                    <span class=\"caption simple-caption\">\n                        <strong class=\"img-heading\">Q-Series LE 23 Lounge: Rear Lounge<\/strong><br>\n                        <div class=\"download\"><span>T\u00e9l\u00e9charger haute r\u00e9solution<\/span><a href=\"https:\/\/legend-media-vault.s3.us-west-2.amazonaws.com\/wp-content\/uploads\/2020\/12\/03121932\/Q-Series-23-LE-Lounge-rear-lounger-21.jpg\" class=\"btn get-btn pull-right\" target=\"blank\" download=\"\">OBTENIR<\/a><\/div>\n                        <div class=\"download\"><span>T\u00e9l\u00e9charger base r\u00e9solutionir<\/span><a href=\"https:\/\/legend-media-vault.s3.us-west-2.amazonaws.com\/wp-content\/uploads\/2020\/12\/03121923\/Q-Series-23-LE-Lounge-rear-lounger-2.jpg\" class=\"btn get-btn pull-right\" target=\"blank\" download=\"\">OBTENIR<\/a><\/div>\n                    <\/span>  \n                <\/div>\n\n          [\/vc_column][vc_column width=\u00a0\u00bb1\/3&Prime;]\n\t\t\t\t<div class=\"box\">\n                    <img decoding=\"async\" class=\"images\" src=\"https:\/\/legend-media-vault.s3.us-west-2.amazonaws.com\/wp-content\/uploads\/2020\/12\/03122020\/Q-Series-23-LE-Lounge-rear-loungers-angle-21-600x400.jpg\">    \n                    <span class=\"caption simple-caption\">\n                        <strong class=\"img-heading\">Q-Series LE 21 Lounge: Rear Lounge Angle<\/strong><br>\n                        <div class=\"download\"><span>T\u00e9l\u00e9charger haute r\u00e9solution<\/span><a href=\"https:\/\/legend-media-vault.s3.us-west-2.amazonaws.com\/wp-content\/uploads\/2020\/12\/03122015\/Q-Series-23-LE-Lounge-rear-loungers-angle-2.jpg\" class=\"btn get-btn pull-right\" target=\"blank\" download=\"\">OBTENIR<\/a><\/div>\n                        <div class=\"download\"><span>T\u00e9l\u00e9charger base r\u00e9solutionir<\/span><a href=\"https:\/\/legend-media-vault.s3.us-west-2.amazonaws.com\/wp-content\/uploads\/2020\/12\/03122020\/Q-Series-23-LE-Lounge-rear-loungers-angle-21.jpg\" class=\"btn get-btn pull-right\" target=\"blank\" download=\"\">OBTENIR<\/a><\/div>\n                    <\/span>  \n                <\/div>\n\n          [\/vc_column][\/vc_row][vc_row][vc_column][vc_empty_space][\/vc_column][\/vc_row]<\/p>\n<\/section>","protected":false},"excerpt":{"rendered":"<p>[vc_row][vc_column][vc_empty_space][\/vc_column][\/vc_row][vc_row][vc_column][vc_custom_heading text=\u00a0\u00bbS\u00e9rie Q LE\u00a0\u00bb font_container=\u00a0\u00bbtag:h1|text_align:left\u00a0\u00bb use_theme_fonts=\u00a0\u00bbyes\u00a0\u00bb][\/vc_column][\/vc_row][vc_row][vc_column][vc_row_inner][vc_column_inner][\/vc_column_inner][\/vc_row_inner][\/vc_column][\/vc_row][vc_row][vc_column][vc_empty_space][\/vc_column][\/vc_row][vc_row][vc_column][vc_custom_heading text=\u00a0\u00bbFeatured Images\u00a0\u00bb use_theme_fonts=\u00a0\u00bbyes\u00a0\u00bb][\/vc_column][\/vc_row][vc_row][vc_column width=\u00a0\u00bb1\/3&Prime;][\/vc_column][vc_column width=\u00a0\u00bb1\/3&Prime;][\/vc_column][vc_column width=\u00a0\u00bb1\/3&Prime;][\/vc_column][\/vc_row][vc_row][vc_column width=\u00a0\u00bb1\/3&Prime;][\/vc_column][vc_column width=\u00a0\u00bb1\/3&Prime;][\/vc_column][vc_column width=\u00a0\u00bb1\/3&Prime;][\/vc_column][\/vc_row][vc_row][vc_column width=\u00a0\u00bb1\/3&Prime;][\/vc_column][vc_column width=\u00a0\u00bb1\/3&Prime;][\/vc_column][vc_column width=\u00a0\u00bb1\/3&Prime;][\/vc_column][\/vc_row][vc_row][vc_column][vc_empty_space][\/vc_column][\/vc_row]<\/p>\n","protected":false},"author":3,"featured_media":0,"parent":1310,"menu_order":0,"comment_status":"closed","ping_status":"closed","template":"","meta":{"footnotes":""},"class_list":["post-6490","page","type-page","status-publish","hentry"],"_links":{"self":[{"href":"https:\/\/media.legendboats.com\/fr\/wp-json\/wp\/v2\/pages\/6490"}],"collection":[{"href":"https:\/\/media.legendboats.com\/fr\/wp-json\/wp\/v2\/pages"}],"about":[{"href":"https:\/\/media.legendboats.com\/fr\/wp-json\/wp\/v2\/types\/page"}],"author":[{"embeddable":true,"href":"https:\/\/media.legendboats.com\/fr\/wp-json\/wp\/v2\/users\/3"}],"replies":[{"embeddable":true,"href":"https:\/\/media.legendboats.com\/fr\/wp-json\/wp\/v2\/comments?post=6490"}],"version-history":[{"count":7,"href":"https:\/\/media.legendboats.com\/fr\/wp-json\/wp\/v2\/pages\/6490\/revisions"}],"predecessor-version":[{"id":33014,"href":"https:\/\/media.legendboats.com\/fr\/wp-json\/wp\/v2\/pages\/6490\/revisions\/33014"}],"up":[{"embeddable":true,"href":"https:\/\/media.legendboats.com\/fr\/wp-json\/wp\/v2\/pages\/1310"}],"wp:attachment":[{"href":"https:\/\/media.legendboats.com\/fr\/wp-json\/wp\/v2\/media?parent=6490"}],"curies":[{"name":"wp","href":"https:\/\/api.w.org\/{rel}","templated":true}]}}