{"id":5912,"date":"2020-02-19T09:48:57","date_gmt":"2020-02-19T14:48:57","guid":{"rendered":"http:\/\/media.legendboats.com\/?page_id=5912\/"},"modified":"2021-03-29T16:23:12","modified_gmt":"2021-03-29T20:23:12","slug":"featuresconstructiontech","status":"publish","type":"page","link":"https:\/\/media.legendboats.com\/fr\/telechargement-media\/featuresconstructiontech\/","title":{"rendered":"Features\/Construction\/Tech"},"content":{"rendered":"<section class=\"wpb-content-wrapper\"><p>[vc_row][vc_column][vc_custom_heading source=\u00a0\u00bbpost_title\u00a0\u00bb use_theme_fonts=\u00a0\u00bbyes\u00a0\u00bb][\/vc_column][\/vc_row][vc_row][vc_column][vc_row_inner][vc_column_inner width=\u00a0\u00bb1\/3&Prime;][vc_custom_heading text=\u00a0\u00bbFishing Boat Feature Cards\u00a0\u00bb font_container=\u00a0\u00bbtag:h3|text_align:left\u00a0\u00bb use_theme_fonts=\u00a0\u00bbyes\u00a0\u00bb]\n\t\t\t\t<div class=\"box\">\n                    <img decoding=\"async\" class=\"images\" src=\"https:\/\/legend-media-vault.s3.us-west-2.amazonaws.com\/wp-content\/uploads\/2020\/02\/29161217\/x16.jpg\">    \n                    <span class=\"caption simple-caption download-media-files\">\n                        <strong class=\"img-heading\">Feature Cards<\/strong><br>\n                        <div class=\"download\"><span>Download PDF<\/span><a href=\"https:\/\/s3-us-west-2.amazonaws.com\/legend-media-vault\/wp-content\/uploads\/2020\/02\/29161212\/2021-Fishing-Boat-Feature-Cards-French.pdf\" class=\"btn get-btn pull-right\" target=\"blank\" download>OBTENIR<\/a><\/div>\n                                                                    <\/span>  \n                <\/div>\n\n          [\/vc_column_inner][vc_column_inner width=\u00a0\u00bb1\/3&Prime;][vc_custom_heading text=\u00a0\u00bbPontoon Boat Feature Cards\u00a0\u00bb font_container=\u00a0\u00bbtag:h3|text_align:left\u00a0\u00bb use_theme_fonts=\u00a0\u00bbyes\u00a0\u00bb]\n\t\t\t\t<div class=\"box\">\n                    <img decoding=\"async\" class=\"images\" src=\"https:\/\/legend-media-vault.s3.us-west-2.amazonaws.com\/wp-content\/uploads\/2020\/02\/29161438\/e-cruise.jpg\">    \n                    <span class=\"caption simple-caption download-media-files\">\n                        <strong class=\"img-heading\">Feature Cards<\/strong><br>\n                        <div class=\"download\"><span>Download PDF<\/span><a href=\"https:\/\/s3-us-west-2.amazonaws.com\/legend-media-vault\/wp-content\/uploads\/2020\/02\/29161432\/2021-Pontoon-Boat-Feature-Cards-French.pdf\" class=\"btn get-btn pull-right\" target=\"blank\" download>OBTENIR<\/a><\/div>\n                                                                    <\/span>  \n                <\/div>\n\n          [\/vc_column_inner][vc_column_inner width=\u00a0\u00bb1\/3&Prime;][vc_custom_heading text=\u00a0\u00bbDeck Boat Feature Cards\u00a0\u00bb font_container=\u00a0\u00bbtag:h3|text_align:left\u00a0\u00bb use_theme_fonts=\u00a0\u00bbyes\u00a0\u00bb]\n\t\t\t\t<div class=\"box\">\n                    <img decoding=\"async\" class=\"images\" src=\"https:\/\/legend-media-vault.s3.us-west-2.amazonaws.com\/wp-content\/uploads\/2020\/02\/29160754\/d19.jpg\">    \n                    <span class=\"caption simple-caption download-media-files\">\n                        <strong class=\"img-heading\">Feature Cards<\/strong><br>\n                        <div class=\"download\"><span>Download PDF<\/span><a href=\"https:\/\/s3-us-west-2.amazonaws.com\/legend-media-vault\/wp-content\/uploads\/2020\/02\/29160844\/2021-Deck-Boat-Feature-Cards-French.pdf\" class=\"btn get-btn pull-right\" target=\"blank\" download>OBTENIR<\/a><\/div>\n                                                                    <\/span>  \n                <\/div>\n\n          [\/vc_column_inner][\/vc_row_inner][\/vc_column][\/vc_row][vc_row][vc_column][vc_custom_heading text=\u00a0\u00bbConstruction\u00a0\u00bb font_container=\u00a0\u00bbtag:h3|text_align:left\u00a0\u00bb use_theme_fonts=\u00a0\u00bbyes\u00a0\u00bb][vc_row_inner][vc_column_inner width=\u00a0\u00bb1\/3&Prime;]\n\t\t\t\t<div class=\"box\">\n                    <img decoding=\"async\" class=\"images\" src=\"https:\/\/legend-media-vault.s3.us-west-2.amazonaws.com\/wp-content\/uploads\/2020\/02\/29160257\/Screen-Shot-2021-03-29-at-4.02.19-PM.png\">    \n                    <span class=\"caption simple-caption download-media-files\">\n                        <strong class=\"img-heading\">S\u00e9rie R<\/strong><br>\n                        <div class=\"download\"><span>Download PDF<\/span><a href=\"https:\/\/s3-us-west-2.amazonaws.com\/legend-media-vault\/wp-content\/uploads\/2020\/02\/29160301\/2021-Bateaux-Legend-Serie-R-Construction.pdf\" class=\"btn get-btn pull-right\" target=\"blank\" download>OBTENIR<\/a><\/div>\n                                                                    <\/span>  \n                <\/div>\n\n          [\/vc_column_inner][vc_column_inner width=\u00a0\u00bb1\/3&Prime;]\n\t\t\t\t<div class=\"box\">\n                    <img decoding=\"async\" class=\"images\" src=\"https:\/\/legend-media-vault.s3.us-west-2.amazonaws.com\/wp-content\/uploads\/2020\/02\/29160249\/Screen-Shot-2021-03-29-at-4.02.29-PM.png\">    \n                    <span class=\"caption simple-caption download-media-files\">\n                        <strong class=\"img-heading\">S\u00e9rie Soud\u00e9e<\/strong><br>\n                        <div class=\"download\"><span>Download PDF<\/span><a href=\"https:\/\/s3-us-west-2.amazonaws.com\/legend-media-vault\/wp-content\/uploads\/2020\/02\/29160302\/2021-Bateaux-Legend-Serie-Soudee-Construction.pdf\" class=\"btn get-btn pull-right\" target=\"blank\" download>OBTENIR<\/a><\/div>\n                                                                    <\/span>  \n                <\/div>\n\n          [\/vc_column_inner][vc_column_inner width=\u00a0\u00bb1\/3&Prime;]\n\t\t\t\t<div class=\"box\">\n                    <img decoding=\"async\" class=\"images\" src=\"https:\/\/legend-media-vault.s3.us-west-2.amazonaws.com\/wp-content\/uploads\/2020\/02\/29160152\/Screen-Shot-2021-03-29-at-4.01.31-PM.png\">    \n                    <span class=\"caption simple-caption download-media-files\">\n                        <strong class=\"img-heading\">Bateaux Pont\u00e9s<\/strong><br>\n                        <div class=\"download\"><span>Download PDF<\/span><a href=\"https:\/\/s3-us-west-2.amazonaws.com\/legend-media-vault\/wp-content\/uploads\/2020\/02\/29160200\/Bateaux-Legend-Construction-des-bateaux-pontes.pdf\" class=\"btn get-btn pull-right\" target=\"blank\" download>OBTENIR<\/a><\/div>\n                                                                    <\/span>  \n                <\/div>\n\n          [\/vc_column_inner][\/vc_row_inner][vc_row_inner][vc_column_inner width=\u00a0\u00bb1\/3&Prime;]\n\t\t\t\t<div class=\"box\">\n                    <img decoding=\"async\" class=\"images\" src=\"https:\/\/legend-media-vault.s3.us-west-2.amazonaws.com\/wp-content\/uploads\/2020\/02\/29160514\/Screen-Shot-2021-03-29-at-4.04.28-PM.png\">    \n                    <span class=\"caption simple-caption download-media-files\">\n                        <strong class=\"img-heading\">S\u00e9rie Splash<\/strong><br>\n                        <div class=\"download\"><span>Download PDF<\/span><a href=\"https:\/\/s3-us-west-2.amazonaws.com\/legend-media-vault\/wp-content\/uploads\/2020\/02\/29160520\/2021-Bateaux-Legend-Serie-Splash-Construction.pdf\" class=\"btn get-btn pull-right\" target=\"blank\" download>OBTENIR<\/a><\/div>\n                                                                    <\/span>  \n                <\/div>\n\n          [\/vc_column_inner][vc_column_inner width=\u00a0\u00bb1\/3&Prime;]\n\t\t\t\t<div class=\"box\">\n                    <img decoding=\"async\" class=\"images\" src=\"https:\/\/legend-media-vault.s3.us-west-2.amazonaws.com\/wp-content\/uploads\/2020\/02\/29160508\/Screen-Shot-2021-03-29-at-4.04.37-PM.png\">    \n                    <span class=\"caption simple-caption download-media-files\">\n                        <strong class=\"img-heading\">S\u00e9rie Q, S\u00e9rie Q LE, S\u00e9rie V<\/strong><br>\n                        <div class=\"download\"><span>Download PDF<\/span><a href=\"https:\/\/s3-us-west-2.amazonaws.com\/legend-media-vault\/wp-content\/uploads\/2020\/02\/29160519\/2021-Bateaux-Legend-Serie-Q-LE-Serie-Q-et-Serie-V-Construction.pdf\" class=\"btn get-btn pull-right\" target=\"blank\" download>OBTENIR<\/a><\/div>\n                                                                    <\/span>  \n                <\/div>\n\n          [\/vc_column_inner][vc_column_inner width=\u00a0\u00bb1\/3&Prime;]\n\t\t\t\t<div class=\"box\">\n                    <img decoding=\"async\" class=\"images\" src=\"https:\/\/legend-media-vault.s3.us-west-2.amazonaws.com\/wp-content\/uploads\/2020\/02\/29160502\/Screen-Shot-2021-03-29-at-4.04.45-PM.png\">    \n                    <span class=\"caption simple-caption download-media-files\">\n                        <strong class=\"img-heading\">S\u00e9rie E<\/strong><br>\n                        <div class=\"download\"><span>Download PDF<\/span><a href=\"https:\/\/s3-us-west-2.amazonaws.com\/legend-media-vault\/wp-content\/uploads\/2020\/02\/29160518\/2021-Bateaux-Legend-Serie-E-Construction.pdf\" class=\"btn get-btn pull-right\" target=\"blank\" download>OBTENIR<\/a><\/div>\n                                                                    <\/span>  \n                <\/div>\n\n          [\/vc_column_inner][\/vc_row_inner][\/vc_column][\/vc_row]<\/p>\n<\/section>","protected":false},"excerpt":{"rendered":"<p>[vc_row][vc_column][vc_custom_heading source=\u00a0\u00bbpost_title\u00a0\u00bb use_theme_fonts=\u00a0\u00bbyes\u00a0\u00bb][\/vc_column][\/vc_row][vc_row][vc_column][vc_row_inner][vc_column_inner width=\u00a0\u00bb1\/3&Prime;][vc_custom_heading text=\u00a0\u00bbFishing Boat Feature Cards\u00a0\u00bb font_container=\u00a0\u00bbtag:h3|text_align:left\u00a0\u00bb use_theme_fonts=\u00a0\u00bbyes\u00a0\u00bb][\/vc_column_inner][vc_column_inner width=\u00a0\u00bb1\/3&Prime;][vc_custom_heading text=\u00a0\u00bbPontoon Boat Feature Cards\u00a0\u00bb font_container=\u00a0\u00bbtag:h3|text_align:left\u00a0\u00bb use_theme_fonts=\u00a0\u00bbyes\u00a0\u00bb][\/vc_column_inner][vc_column_inner width=\u00a0\u00bb1\/3&Prime;][vc_custom_heading text=\u00a0\u00bbDeck Boat Feature Cards\u00a0\u00bb font_container=\u00a0\u00bbtag:h3|text_align:left\u00a0\u00bb use_theme_fonts=\u00a0\u00bbyes\u00a0\u00bb][\/vc_column_inner][\/vc_row_inner][\/vc_column][\/vc_row][vc_row][vc_column][vc_custom_heading text=\u00a0\u00bbConstruction\u00a0\u00bb font_container=\u00a0\u00bbtag:h3|text_align:left\u00a0\u00bb use_theme_fonts=\u00a0\u00bbyes\u00a0\u00bb][vc_row_inner][vc_column_inner width=\u00a0\u00bb1\/3&Prime;][\/vc_column_inner][vc_column_inner width=\u00a0\u00bb1\/3&Prime;][\/vc_column_inner][vc_column_inner width=\u00a0\u00bb1\/3&Prime;][\/vc_column_inner][\/vc_row_inner][vc_row_inner][vc_column_inner width=\u00a0\u00bb1\/3&Prime;][\/vc_column_inner][vc_column_inner width=\u00a0\u00bb1\/3&Prime;][\/vc_column_inner][vc_column_inner width=\u00a0\u00bb1\/3&Prime;][\/vc_column_inner][\/vc_row_inner][\/vc_column][\/vc_row]<\/p>\n","protected":false},"author":3,"featured_media":0,"parent":1323,"menu_order":0,"comment_status":"closed","ping_status":"closed","template":"","meta":{"footnotes":""},"class_list":["post-5912","page","type-page","status-publish","hentry"],"_links":{"self":[{"href":"https:\/\/media.legendboats.com\/fr\/wp-json\/wp\/v2\/pages\/5912"}],"collection":[{"href":"https:\/\/media.legendboats.com\/fr\/wp-json\/wp\/v2\/pages"}],"about":[{"href":"https:\/\/media.legendboats.com\/fr\/wp-json\/wp\/v2\/types\/page"}],"author":[{"embeddable":true,"href":"https:\/\/media.legendboats.com\/fr\/wp-json\/wp\/v2\/users\/3"}],"replies":[{"embeddable":true,"href":"https:\/\/media.legendboats.com\/fr\/wp-json\/wp\/v2\/comments?post=5912"}],"version-history":[{"count":7,"href":"https:\/\/media.legendboats.com\/fr\/wp-json\/wp\/v2\/pages\/5912\/revisions"}],"predecessor-version":[{"id":7111,"href":"https:\/\/media.legendboats.com\/fr\/wp-json\/wp\/v2\/pages\/5912\/revisions\/7111"}],"up":[{"embeddable":true,"href":"https:\/\/media.legendboats.com\/fr\/wp-json\/wp\/v2\/pages\/1323"}],"wp:attachment":[{"href":"https:\/\/media.legendboats.com\/fr\/wp-json\/wp\/v2\/media?parent=5912"}],"curies":[{"name":"wp","href":"https:\/\/api.w.org\/{rel}","templated":true}]}}