{"id":32251,"date":"2025-05-16T16:29:35","date_gmt":"2025-05-16T20:29:35","guid":{"rendered":"https:\/\/media.legendboats.com\/pontons\/fun-series\/"},"modified":"2025-06-09T14:45:32","modified_gmt":"2025-06-09T18:45:32","slug":"serie-fun","status":"publish","type":"page","link":"https:\/\/media.legendboats.com\/fr\/pontons\/serie-fun\/","title":{"rendered":"S\u00e9rie Fun"},"content":{"rendered":"<section class=\"wpb-content-wrapper\"><p>[vc_row][vc_column][vc_empty_space][\/vc_column][\/vc_row][vc_row][vc_column][vc_custom_heading text=\u00a0\u00bbS\u00e9rie Fun\u00a0\u00bb font_container=\u00a0\u00bbtag:h1|text_align:left\u00a0\u00bb use_theme_fonts=\u00a0\u00bbyes\u00a0\u00bb][\/vc_column][\/vc_row][vc_row][vc_column]\t\t\t\t<div class=\"wpb_column vc_column_container vc_col-sm-3\">\n\t\t\t\t\t<div class=\"vc_column-inner \">\n\t\t\t\t\t\t<div class=\"wpb_wrapper\">\n\t\t\t\t\t\t\t<div class=\"gallery-grid-box\">\t\t         \t\t\t\t\t\n\t\t\t\t\t\t\t\t<div class=\"box\">\t\t         \t\t\t\t\t\n\t\t\t\t\t\t\t\t\t<img decoding=\"async\" class=\"images\" src=\"https:\/\/legend-media-vault.s3.us-west-2.amazonaws.com\/wp-content\/uploads\/2022\/10\/07131522\/Fun-EXT.3160-low1.png\">   \n\t\t\t\t\t\t\t\t\t<span class=\"caption simple-caption\">\n\t\t\t\t\t\t\t\t\t\t<a href=\"https:\/\/media.legendboats.com\/fr\/pontons\/serie-fun\/serie-fun-20-ext\/\" class=\"btn get-btn\">VOIR LA GALERIE<\/a>\n\t\t\t\t\t\t\t\t\t<\/span>   \n\t\t\t\t\t\t\t\t<\/div>\n\t\t\t\t\t\t\t\t<h3>S\u00e9rie Fun 20 EXT<\/h3>\n\t\t\t\t\t\t\t<\/div>\n\t\t\t\t\t\t<\/div>\n\t\t\t\t\t<\/div>\n\t\t\t\t<\/div>\n\t\t\t\t\t\t\t<div class=\"wpb_column vc_column_container vc_col-sm-3\">\n\t\t\t\t\t<div class=\"vc_column-inner \">\n\t\t\t\t\t\t<div class=\"wpb_wrapper\">\n\t\t\t\t\t\t\t<div class=\"gallery-grid-box\">\t\t         \t\t\t\t\t\n\t\t\t\t\t\t\t\t<div class=\"box\">\t\t         \t\t\t\t\t\n\t\t\t\t\t\t\t\t\t<img decoding=\"async\" class=\"images\" src=\"https:\/\/legend-media-vault.s3.us-west-2.amazonaws.com\/wp-content\/uploads\/2022\/10\/12090907\/Fun-.3095-bimini.png\">   \n\t\t\t\t\t\t\t\t\t<span class=\"caption simple-caption\">\n\t\t\t\t\t\t\t\t\t\t<a href=\"https:\/\/media.legendboats.com\/fr\/pontons\/serie-fun-18\/\" class=\"btn get-btn\">VOIR LA GALERIE<\/a>\n\t\t\t\t\t\t\t\t\t<\/span>   \n\t\t\t\t\t\t\t\t<\/div>\n\t\t\t\t\t\t\t\t<h3>S\u00e9rie Fun 18<\/h3>\n\t\t\t\t\t\t\t<\/div>\n\t\t\t\t\t\t<\/div>\n\t\t\t\t\t<\/div>\n\t\t\t\t<\/div>\n\t\t\t\t\t\t\t<div class=\"wpb_column vc_column_container vc_col-sm-3\">\n\t\t\t\t\t<div class=\"vc_column-inner \">\n\t\t\t\t\t\t<div class=\"wpb_wrapper\">\n\t\t\t\t\t\t\t<div class=\"gallery-grid-box\">\t\t         \t\t\t\t\t\n\t\t\t\t\t\t\t\t<div class=\"box\">\t\t         \t\t\t\t\t\n\t\t\t\t\t\t\t\t\t<img decoding=\"async\" class=\"images\" src=\"https:\/\/legend-media-vault.s3.us-west-2.amazonaws.com\/wp-content\/uploads\/2022\/10\/07130019\/Fun-EXT.3160-low.png\">   \n\t\t\t\t\t\t\t\t\t<span class=\"caption simple-caption\">\n\t\t\t\t\t\t\t\t\t\t<a href=\"https:\/\/media.legendboats.com\/fr\/pontons\/serie-ext-fun-18\/\" class=\"btn get-btn\">VOIR LA GALERIE<\/a>\n\t\t\t\t\t\t\t\t\t<\/span>   \n\t\t\t\t\t\t\t\t<\/div>\n\t\t\t\t\t\t\t\t<h3>S\u00e9rie EXT Fun 18<\/h3>\n\t\t\t\t\t\t\t<\/div>\n\t\t\t\t\t\t<\/div>\n\t\t\t\t\t<\/div>\n\t\t\t\t<\/div>\n\t\t\t\t\t\t\t<div class=\"wpb_column vc_column_container vc_col-sm-3\">\n\t\t\t\t\t<div class=\"vc_column-inner \">\n\t\t\t\t\t\t<div class=\"wpb_wrapper\">\n\t\t\t\t\t\t\t<div class=\"gallery-grid-box\">\t\t         \t\t\t\t\t\n\t\t\t\t\t\t\t\t<div class=\"box\">\t\t         \t\t\t\t\t\n\t\t\t\t\t\t\t\t\t<img decoding=\"async\" class=\"images\" src=\"https:\/\/legend-media-vault.s3.us-west-2.amazonaws.com\/wp-content\/uploads\/2023\/08\/11095650\/20-Fun-thumbnail.png\">   \n\t\t\t\t\t\t\t\t\t<span class=\"caption simple-caption\">\n\t\t\t\t\t\t\t\t\t\t<a href=\"https:\/\/media.legendboats.com\/fr\/pontons\/serie-fun-20\/\" class=\"btn get-btn\">VOIR LA GALERIE<\/a>\n\t\t\t\t\t\t\t\t\t<\/span>   \n\t\t\t\t\t\t\t\t<\/div>\n\t\t\t\t\t\t\t\t<h3>S\u00e9rie Fun 20<\/h3>\n\t\t\t\t\t\t\t<\/div>\n\t\t\t\t\t\t<\/div>\n\t\t\t\t\t<\/div>\n\t\t\t\t<\/div>\n\t\t\t\t\t\t\t<div class=\"wpb_column vc_column_container vc_col-sm-3\">\n\t\t\t\t\t<div class=\"vc_column-inner \">\n\t\t\t\t\t\t<div class=\"wpb_wrapper\">\n\t\t\t\t\t\t\t<div class=\"gallery-grid-box\">\t\t         \t\t\t\t\t\n\t\t\t\t\t\t\t\t<div class=\"box\">\t\t         \t\t\t\t\t\n\t\t\t\t\t\t\t\t\t<img decoding=\"async\" class=\"images\" src=\"https:\/\/legend-media-vault.s3.us-west-2.amazonaws.com\/wp-content\/uploads\/2024\/06\/12091125\/20-Fun-Cottage-SIDE.png\">   \n\t\t\t\t\t\t\t\t\t<span class=\"caption simple-caption\">\n\t\t\t\t\t\t\t\t\t\t<a href=\"https:\/\/media.legendboats.com\/fr\/pontons\/serie-cottage-fun-20\/\" class=\"btn get-btn\">VOIR LA GALERIE<\/a>\n\t\t\t\t\t\t\t\t\t<\/span>   \n\t\t\t\t\t\t\t\t<\/div>\n\t\t\t\t\t\t\t\t<h3>S\u00e9rie Cottage Fun 20<\/h3>\n\t\t\t\t\t\t\t<\/div>\n\t\t\t\t\t\t<\/div>\n\t\t\t\t\t<\/div>\n\t\t\t\t<\/div>\n\t\t\t\t\t\t\t<div class=\"wpb_column vc_column_container vc_col-sm-3\">\n\t\t\t\t\t<div class=\"vc_column-inner \">\n\t\t\t\t\t\t<div class=\"wpb_wrapper\">\n\t\t\t\t\t\t\t<div class=\"gallery-grid-box\">\t\t         \t\t\t\t\t\n\t\t\t\t\t\t\t\t<div class=\"box\">\t\t         \t\t\t\t\t\n\t\t\t\t\t\t\t\t\t<img decoding=\"async\" class=\"images\" src=\"https:\/\/legend-media-vault.s3.us-west-2.amazonaws.com\/wp-content\/uploads\/2022\/10\/07130243\/Fun.3131-low1.png\">   \n\t\t\t\t\t\t\t\t\t<span class=\"caption simple-caption\">\n\t\t\t\t\t\t\t\t\t\t<a href=\"https:\/\/media.legendboats.com\/fr\/pontons\/series-fun-16\/\" class=\"btn get-btn\">VOIR LA GALERIE<\/a>\n\t\t\t\t\t\t\t\t\t<\/span>   \n\t\t\t\t\t\t\t\t<\/div>\n\t\t\t\t\t\t\t\t<h3>S\u00e9ries Fun 16<\/h3>\n\t\t\t\t\t\t\t<\/div>\n\t\t\t\t\t\t<\/div>\n\t\t\t\t\t<\/div>\n\t\t\t\t<\/div>\n\t\t\t[\/vc_column][\/vc_row][vc_row][vc_column][vc_empty_space][\/vc_column][\/vc_row][vc_row][vc_column][vc_custom_heading text=\u00a0\u00bbImages en vedette\u00a0\u00bb use_theme_fonts=\u00a0\u00bbyes\u00a0\u00bb][\/vc_column][\/vc_row][vc_row][vc_column width=\u00a0\u00bb1\/3&Prime;]\n\t\t\t\t<div class=\"box\">\n                    <img decoding=\"async\" class=\"images\" src=\"https:\/\/legend-media-vault.s3.us-west-2.amazonaws.com\/wp-content\/uploads\/2025\/05\/16160419\/16-Fun_DSC06712-600x400.png\">    \n                    <span class=\"caption simple-caption\">\n                        <strong class=\"img-heading\">16 Fun: Console Storage Compartment<\/strong><br>\n                        <div class=\"download\"><span>T\u00e9l\u00e9charger haute r\u00e9solution<\/span><a href=\"\" class=\"btn get-btn pull-right\" target=\"blank\" download=\"\">OBTENIR<\/a><\/div>\n                        <div class=\"download\"><span>T\u00e9l\u00e9charger base r\u00e9solutionir<\/span><a href=\"https:\/\/legend-media-vault.s3.us-west-2.amazonaws.com\/wp-content\/uploads\/2025\/05\/16160419\/16-Fun_DSC06712.png\" class=\"btn get-btn pull-right\" target=\"blank\" download=\"\">OBTENIR<\/a><\/div>\n                    <\/span>  \n                <\/div>\n\n          [\/vc_column][vc_column width=\u00a0\u00bb1\/3&Prime;]\n\t\t\t\t<div class=\"box\">\n                    <img decoding=\"async\" class=\"images\" src=\"https:\/\/legend-media-vault.s3.us-west-2.amazonaws.com\/wp-content\/uploads\/2025\/05\/16160531\/16-Fun_DSC06687-600x400.png\">    \n                    <span class=\"caption simple-caption\">\n                        <strong class=\"img-heading\">Fun 16: Armrest Storage<\/strong><br>\n                        <div class=\"download\"><span>T\u00e9l\u00e9charger haute r\u00e9solution<\/span><a href=\"\" class=\"btn get-btn pull-right\" target=\"blank\" download=\"\">OBTENIR<\/a><\/div>\n                        <div class=\"download\"><span>T\u00e9l\u00e9charger base r\u00e9solutionir<\/span><a href=\"https:\/\/legend-media-vault.s3.us-west-2.amazonaws.com\/wp-content\/uploads\/2025\/05\/16160531\/16-Fun_DSC06687.png\" class=\"btn get-btn pull-right\" target=\"blank\" download=\"\">OBTENIR<\/a><\/div>\n                    <\/span>  \n                <\/div>\n\n          [\/vc_column][vc_column width=\u00a0\u00bb1\/3&Prime;]\n\t\t\t\t<div class=\"box\">\n                    <img decoding=\"async\" class=\"images\" src=\"https:\/\/legend-media-vault.s3.us-west-2.amazonaws.com\/wp-content\/uploads\/2025\/05\/16160824\/18-Fun_DSC00572-600x400.png\">    \n                    <span class=\"caption simple-caption\">\n                        <strong class=\"img-heading\">18 Fun: Bow View<\/strong><br>\n                        <div class=\"download\"><span>T\u00e9l\u00e9charger haute r\u00e9solution<\/span><a href=\"\" class=\"btn get-btn pull-right\" target=\"blank\" download=\"\">OBTENIR<\/a><\/div>\n                        <div class=\"download\"><span>T\u00e9l\u00e9charger base r\u00e9solutionir<\/span><a href=\"https:\/\/legend-media-vault.s3.us-west-2.amazonaws.com\/wp-content\/uploads\/2025\/05\/16160824\/18-Fun_DSC00572.png\" class=\"btn get-btn pull-right\" target=\"blank\" download=\"\">OBTENIR<\/a><\/div>\n                    <\/span>  \n                <\/div>\n\n          [\/vc_column][\/vc_row][vc_row][vc_column width=\u00a0\u00bb1\/3&Prime;]\n\t\t\t\t<div class=\"box\">\n                    <img decoding=\"async\" class=\"images\" src=\"https:\/\/legend-media-vault.s3.us-west-2.amazonaws.com\/wp-content\/uploads\/2025\/05\/16160939\/18-Fun_DSC00588-600x400.png\">    \n                    <span class=\"caption simple-caption\">\n                        <strong class=\"img-heading\">18 Fun: Console<\/strong><br>\n                        <div class=\"download\"><span>T\u00e9l\u00e9charger haute r\u00e9solution<\/span><a href=\"\" class=\"btn get-btn pull-right\" target=\"blank\" download=\"\">OBTENIR<\/a><\/div>\n                        <div class=\"download\"><span>T\u00e9l\u00e9charger base r\u00e9solutionir<\/span><a href=\"https:\/\/legend-media-vault.s3.us-west-2.amazonaws.com\/wp-content\/uploads\/2025\/05\/16160939\/18-Fun_DSC00588.png\" class=\"btn get-btn pull-right\" target=\"blank\" download=\"\">OBTENIR<\/a><\/div>\n                    <\/span>  \n                <\/div>\n\n          [\/vc_column][vc_column width=\u00a0\u00bb1\/3&Prime;]\n\t\t\t\t<div class=\"box\">\n                    <img decoding=\"async\" class=\"images\" src=\"https:\/\/legend-media-vault.s3.us-west-2.amazonaws.com\/wp-content\/uploads\/2025\/05\/16161214\/18-Fun_EXT_DSC06548-600x400.png\">    \n                    <span class=\"caption simple-caption\">\n                        <strong class=\"img-heading\">18 Fun EXT: 2 Bow Fishing Chairs<\/strong><br>\n                        <div class=\"download\"><span>T\u00e9l\u00e9charger haute r\u00e9solution<\/span><a href=\"\" class=\"btn get-btn pull-right\" target=\"blank\" download=\"\">OBTENIR<\/a><\/div>\n                        <div class=\"download\"><span>T\u00e9l\u00e9charger base r\u00e9solutionir<\/span><a href=\"https:\/\/legend-media-vault.s3.us-west-2.amazonaws.com\/wp-content\/uploads\/2025\/05\/16161214\/18-Fun_EXT_DSC06548.png\" class=\"btn get-btn pull-right\" target=\"blank\" download=\"\">OBTENIR<\/a><\/div>\n                    <\/span>  \n                <\/div>\n\n          [\/vc_column][vc_column width=\u00a0\u00bb1\/3&Prime;]\n\t\t\t\t<div class=\"box\">\n                    <img decoding=\"async\" class=\"images\" src=\"https:\/\/legend-media-vault.s3.us-west-2.amazonaws.com\/wp-content\/uploads\/2025\/05\/16161349\/18-Fun_EXT_DSC06453-600x400.png\">    \n                    <span class=\"caption simple-caption\">\n                        <strong class=\"img-heading\">18 Fun EXT: Sofa<\/strong><br>\n                        <div class=\"download\"><span>T\u00e9l\u00e9charger haute r\u00e9solution<\/span><a href=\"\" class=\"btn get-btn pull-right\" target=\"blank\" download=\"\">OBTENIR<\/a><\/div>\n                        <div class=\"download\"><span>T\u00e9l\u00e9charger base r\u00e9solutionir<\/span><a href=\"https:\/\/legend-media-vault.s3.us-west-2.amazonaws.com\/wp-content\/uploads\/2025\/05\/16161349\/18-Fun_EXT_DSC06453.png\" class=\"btn get-btn pull-right\" target=\"blank\" download=\"\">OBTENIR<\/a><\/div>\n                    <\/span>  \n                <\/div>\n\n          [\/vc_column][\/vc_row][vc_row][vc_column width=\u00a0\u00bb1\/3&Prime;]\n\t\t\t\t<div class=\"box\">\n                    <img decoding=\"async\" class=\"images\" src=\"https:\/\/legend-media-vault.s3.us-west-2.amazonaws.com\/wp-content\/uploads\/2025\/05\/16161712\/20-Fun_DSC06873-600x400.png\">    \n                    <span class=\"caption simple-caption\">\n                        <strong class=\"img-heading\">20 Fun: Flip-Up Changing Room<\/strong><br>\n                        <div class=\"download\"><span>T\u00e9l\u00e9charger haute r\u00e9solution<\/span><a href=\"\" class=\"btn get-btn pull-right\" target=\"blank\" download=\"\">OBTENIR<\/a><\/div>\n                        <div class=\"download\"><span>T\u00e9l\u00e9charger base r\u00e9solutionir<\/span><a href=\"https:\/\/legend-media-vault.s3.us-west-2.amazonaws.com\/wp-content\/uploads\/2025\/05\/16161712\/20-Fun_DSC06873.png\" class=\"btn get-btn pull-right\" target=\"blank\" download=\"\">OBTENIR<\/a><\/div>\n                    <\/span>  \n                <\/div>\n\n          [\/vc_column][vc_column width=\u00a0\u00bb1\/3&Prime;]\n\t\t\t\t<div class=\"box\">\n                    <img decoding=\"async\" class=\"images\" src=\"https:\/\/legend-media-vault.s3.us-west-2.amazonaws.com\/wp-content\/uploads\/2025\/05\/16161837\/20-Fun_DSC06888-600x400.png\">    \n                    <span class=\"caption simple-caption\">\n                        <strong class=\"img-heading\">20 Fun: Stern Sofa<\/strong><br>\n                        <div class=\"download\"><span>T\u00e9l\u00e9charger haute r\u00e9solution<\/span><a href=\"\" class=\"btn get-btn pull-right\" target=\"blank\" download=\"\">OBTENIR<\/a><\/div>\n                        <div class=\"download\"><span>T\u00e9l\u00e9charger base r\u00e9solutionir<\/span><a href=\"https:\/\/legend-media-vault.s3.us-west-2.amazonaws.com\/wp-content\/uploads\/2025\/05\/16161837\/20-Fun_DSC06888.png\" class=\"btn get-btn pull-right\" target=\"blank\" download=\"\">OBTENIR<\/a><\/div>\n                    <\/span>  \n                <\/div>\n\n          [\/vc_column][vc_column width=\u00a0\u00bb1\/3&Prime;]\n\t\t\t\t<div class=\"box\">\n                    <img decoding=\"async\" class=\"images\" src=\"https:\/\/legend-media-vault.s3.us-west-2.amazonaws.com\/wp-content\/uploads\/2025\/05\/16162006\/20-Fun_Cottage_20-Fun-Cottage-25-600x400.png\">    \n                    <span class=\"caption simple-caption\">\n                        <strong class=\"img-heading\">20 Fun Cottage: Rear Sofa<\/strong><br>\n                        <div class=\"download\"><span>T\u00e9l\u00e9charger haute r\u00e9solution<\/span><a href=\"\" class=\"btn get-btn pull-right\" target=\"blank\" download=\"\">OBTENIR<\/a><\/div>\n                        <div class=\"download\"><span>T\u00e9l\u00e9charger base r\u00e9solutionir<\/span><a href=\"https:\/\/legend-media-vault.s3.us-west-2.amazonaws.com\/wp-content\/uploads\/2025\/05\/16162006\/20-Fun_Cottage_20-Fun-Cottage-25.png\" class=\"btn get-btn pull-right\" target=\"blank\" download=\"\">OBTENIR<\/a><\/div>\n                    <\/span>  \n                <\/div>\n\n          [\/vc_column][\/vc_row][vc_row][vc_column width=\u00a0\u00bb1\/3&Prime;]\n\t\t\t\t<div class=\"box\">\n                    <img decoding=\"async\" class=\"images\" src=\"https:\/\/legend-media-vault.s3.us-west-2.amazonaws.com\/wp-content\/uploads\/2025\/05\/16162251\/20-Fun_Cottage_20-Fun-Cottage-16-600x400.png\">    \n                    <span class=\"caption simple-caption\">\n                        <strong class=\"img-heading\">20 Fun Cottage: Sofa Cup Holders<\/strong><br>\n                        <div class=\"download\"><span>T\u00e9l\u00e9charger haute r\u00e9solution<\/span><a href=\"\" class=\"btn get-btn pull-right\" target=\"blank\" download=\"\">OBTENIR<\/a><\/div>\n                        <div class=\"download\"><span>T\u00e9l\u00e9charger base r\u00e9solutionir<\/span><a href=\"https:\/\/legend-media-vault.s3.us-west-2.amazonaws.com\/wp-content\/uploads\/2025\/05\/16162251\/20-Fun_Cottage_20-Fun-Cottage-16.png\" class=\"btn get-btn pull-right\" target=\"blank\" download=\"\">OBTENIR<\/a><\/div>\n                    <\/span>  \n                <\/div>\n\n          [\/vc_column][vc_column width=\u00a0\u00bb1\/3&Prime;]\n\t\t\t\t<div class=\"box\">\n                    <img decoding=\"async\" class=\"images\" src=\"https:\/\/legend-media-vault.s3.us-west-2.amazonaws.com\/wp-content\/uploads\/2025\/05\/16162835\/20-Fun-Series-Interior-003-600x400.jpg\">    \n                    <span class=\"caption simple-caption\">\n                        <strong class=\"img-heading\">20 Fun EXT: Stern View<\/strong><br>\n                        <div class=\"download\"><span>T\u00e9l\u00e9charger haute r\u00e9solution<\/span><a href=\"\" class=\"btn get-btn pull-right\" target=\"blank\" download=\"\">OBTENIR<\/a><\/div>\n                        <div class=\"download\"><span>T\u00e9l\u00e9charger base r\u00e9solutionir<\/span><a href=\"https:\/\/legend-media-vault.s3.us-west-2.amazonaws.com\/wp-content\/uploads\/2025\/05\/16162835\/20-Fun-Series-Interior-003-scaled.jpg\" class=\"btn get-btn pull-right\" target=\"blank\" download=\"\">OBTENIR<\/a><\/div>\n                    <\/span>  \n                <\/div>\n\n          [\/vc_column][vc_column width=\u00a0\u00bb1\/3&Prime;]\n\t\t\t\t<div class=\"box\">\n                    <img decoding=\"async\" class=\"images\" src=\"https:\/\/legend-media-vault.s3.us-west-2.amazonaws.com\/wp-content\/uploads\/2025\/05\/16162921\/20-Fun-Series-Interior-002-600x400.jpg\">    \n                    <span class=\"caption simple-caption\">\n                        <strong class=\"img-heading\">20 Fun EXT: Console and Captain's Chair<\/strong><br>\n                        <div class=\"download\"><span>T\u00e9l\u00e9charger haute r\u00e9solution<\/span><a href=\"\" class=\"btn get-btn pull-right\" target=\"blank\" download=\"\">OBTENIR<\/a><\/div>\n                        <div class=\"download\"><span>T\u00e9l\u00e9charger base r\u00e9solutionir<\/span><a href=\"https:\/\/legend-media-vault.s3.us-west-2.amazonaws.com\/wp-content\/uploads\/2025\/05\/16162921\/20-Fun-Series-Interior-002-scaled.jpg\" class=\"btn get-btn pull-right\" target=\"blank\" download=\"\">OBTENIR<\/a><\/div>\n                    <\/span>  \n                <\/div>\n\n          [\/vc_column][\/vc_row][vc_row][vc_column][vc_empty_space][\/vc_column][\/vc_row]<\/p>\n<\/section>","protected":false},"excerpt":{"rendered":"<p>[vc_row][vc_column][vc_empty_space][\/vc_column][\/vc_row][vc_row][vc_column][vc_custom_heading text=\u00a0\u00bbS\u00e9rie Fun\u00a0\u00bb font_container=\u00a0\u00bbtag:h1|text_align:left\u00a0\u00bb use_theme_fonts=\u00a0\u00bbyes\u00a0\u00bb][\/vc_column][\/vc_row][vc_row][vc_column][\/vc_column][\/vc_row][vc_row][vc_column][vc_empty_space][\/vc_column][\/vc_row][vc_row][vc_column][vc_custom_heading text=\u00a0\u00bbImages en vedette\u00a0\u00bb use_theme_fonts=\u00a0\u00bbyes\u00a0\u00bb][\/vc_column][\/vc_row][vc_row][vc_column width=\u00a0\u00bb1\/3&Prime;][\/vc_column][vc_column width=\u00a0\u00bb1\/3&Prime;][\/vc_column][vc_column width=\u00a0\u00bb1\/3&Prime;][\/vc_column][\/vc_row][vc_row][vc_column width=\u00a0\u00bb1\/3&Prime;][\/vc_column][vc_column width=\u00a0\u00bb1\/3&Prime;][\/vc_column][vc_column width=\u00a0\u00bb1\/3&Prime;][\/vc_column][\/vc_row][vc_row][vc_column width=\u00a0\u00bb1\/3&Prime;][\/vc_column][vc_column width=\u00a0\u00bb1\/3&Prime;][\/vc_column][vc_column width=\u00a0\u00bb1\/3&Prime;][\/vc_column][\/vc_row][vc_row][vc_column width=\u00a0\u00bb1\/3&Prime;][\/vc_column][vc_column width=\u00a0\u00bb1\/3&Prime;][\/vc_column][vc_column width=\u00a0\u00bb1\/3&Prime;][\/vc_column][\/vc_row][vc_row][vc_column][vc_empty_space][\/vc_column][\/vc_row]<\/p>\n","protected":false},"author":9,"featured_media":0,"parent":1310,"menu_order":0,"comment_status":"closed","ping_status":"closed","template":"","meta":{"footnotes":""},"class_list":["post-32251","page","type-page","status-publish","hentry"],"_links":{"self":[{"href":"https:\/\/media.legendboats.com\/fr\/wp-json\/wp\/v2\/pages\/32251"}],"collection":[{"href":"https:\/\/media.legendboats.com\/fr\/wp-json\/wp\/v2\/pages"}],"about":[{"href":"https:\/\/media.legendboats.com\/fr\/wp-json\/wp\/v2\/types\/page"}],"author":[{"embeddable":true,"href":"https:\/\/media.legendboats.com\/fr\/wp-json\/wp\/v2\/users\/9"}],"replies":[{"embeddable":true,"href":"https:\/\/media.legendboats.com\/fr\/wp-json\/wp\/v2\/comments?post=32251"}],"version-history":[{"count":3,"href":"https:\/\/media.legendboats.com\/fr\/wp-json\/wp\/v2\/pages\/32251\/revisions"}],"predecessor-version":[{"id":32255,"href":"https:\/\/media.legendboats.com\/fr\/wp-json\/wp\/v2\/pages\/32251\/revisions\/32255"}],"up":[{"embeddable":true,"href":"https:\/\/media.legendboats.com\/fr\/wp-json\/wp\/v2\/pages\/1310"}],"wp:attachment":[{"href":"https:\/\/media.legendboats.com\/fr\/wp-json\/wp\/v2\/media?parent=32251"}],"curies":[{"name":"wp","href":"https:\/\/api.w.org\/{rel}","templated":true}]}}