{"id":31825,"date":"2025-05-26T10:02:57","date_gmt":"2025-05-26T14:02:57","guid":{"rendered":"https:\/\/media.legendboats.com\/vetta-pontons\/levata\/"},"modified":"2025-09-18T09:16:24","modified_gmt":"2025-09-18T13:16:24","slug":"levata","status":"publish","type":"page","link":"https:\/\/media.legendboats.com\/fr\/vetta-pontons\/levata\/","title":{"rendered":"Levata 2026"},"content":{"rendered":"<section class=\"wpb-content-wrapper\"><p>[vc_row][vc_column][vc_empty_space][\/vc_column][\/vc_row][vc_row][vc_column][vc_custom_heading text=\u00a0\u00bbLevata\u00a0\u00bb font_container=\u00a0\u00bbtag:h1|text_align:left\u00a0\u00bb use_theme_fonts=\u00a0\u00bbyes\u00a0\u00bb][\/vc_column][\/vc_row][vc_row][vc_column]\t\t\t\t<div class=\"wpb_column vc_column_container vc_col-sm-3\">\n\t\t\t\t\t<div class=\"vc_column-inner \">\n\t\t\t\t\t\t<div class=\"wpb_wrapper\">\n\t\t\t\t\t\t\t<div class=\"gallery-grid-box\">\t\t         \t\t\t\t\t\n\t\t\t\t\t\t\t\t<div class=\"box\">\t\t         \t\t\t\t\t\n\t\t\t\t\t\t\t\t\t<img decoding=\"async\" class=\"images\" src=\"https:\/\/legend-media-vault.s3.us-west-2.amazonaws.com\/wp-content\/uploads\/2025\/05\/30161816\/23_Levata_QLS_VettaDSC01807.png\">   \n\t\t\t\t\t\t\t\t\t<span class=\"caption simple-caption\">\n\t\t\t\t\t\t\t\t\t\t<a href=\"https:\/\/media.legendboats.com\/fr\/vetta-pontoons-fr\/23-levata-qls-windshield-cognac\/\" class=\"btn get-btn\">VOIR LA GALERIE<\/a>\n\t\t\t\t\t\t\t\t\t<\/span>   \n\t\t\t\t\t\t\t\t<\/div>\n\t\t\t\t\t\t\t\t<h3>23 Levata QLS Windshield Cognac<\/h3>\n\t\t\t\t\t\t\t<\/div>\n\t\t\t\t\t\t<\/div>\n\t\t\t\t\t<\/div>\n\t\t\t\t<\/div>\n\t\t\t\t\t\t\t<div class=\"wpb_column vc_column_container vc_col-sm-3\">\n\t\t\t\t\t<div class=\"vc_column-inner \">\n\t\t\t\t\t\t<div class=\"wpb_wrapper\">\n\t\t\t\t\t\t\t<div class=\"gallery-grid-box\">\t\t         \t\t\t\t\t\n\t\t\t\t\t\t\t\t<div class=\"box\">\t\t         \t\t\t\t\t\n\t\t\t\t\t\t\t\t\t<img decoding=\"async\" class=\"images\" src=\"https:\/\/legend-media-vault.s3.us-west-2.amazonaws.com\/wp-content\/uploads\/2025\/05\/14162933\/23_Levata_CRL_Vetta395A4951-1.png\">   \n\t\t\t\t\t\t\t\t\t<span class=\"caption simple-caption\">\n\t\t\t\t\t\t\t\t\t\t<a href=\"https:\/\/media.legendboats.com\/fr\/vetta-pontoons-fr\/23-levata-crl-windshield-congac\/\" class=\"btn get-btn\">VOIR LA GALERIE<\/a>\n\t\t\t\t\t\t\t\t\t<\/span>   \n\t\t\t\t\t\t\t\t<\/div>\n\t\t\t\t\t\t\t\t<h3>23 Levata CRL Congac<\/h3>\n\t\t\t\t\t\t\t<\/div>\n\t\t\t\t\t\t<\/div>\n\t\t\t\t\t<\/div>\n\t\t\t\t<\/div>\n\t\t\t\t\t\t\t<div class=\"wpb_column vc_column_container vc_col-sm-3\">\n\t\t\t\t\t<div class=\"vc_column-inner \">\n\t\t\t\t\t\t<div class=\"wpb_wrapper\">\n\t\t\t\t\t\t\t<div class=\"gallery-grid-box\">\t\t         \t\t\t\t\t\n\t\t\t\t\t\t\t\t<div class=\"box\">\t\t         \t\t\t\t\t\n\t\t\t\t\t\t\t\t\t<img decoding=\"async\" class=\"images\" src=\"https:\/\/legend-media-vault.s3.us-west-2.amazonaws.com\/wp-content\/uploads\/2026\/01\/24143307\/23_Levata_CRL_WhiteFlake395A4664.png\">   \n\t\t\t\t\t\t\t\t\t<span class=\"caption simple-caption\">\n\t\t\t\t\t\t\t\t\t\t<a href=\"https:\/\/media.legendboats.com\/fr\/vetta-pontoons-fr\/23-levata-crl-white-flake\/\" class=\"btn get-btn\">VOIR LA GALERIE<\/a>\n\t\t\t\t\t\t\t\t\t<\/span>   \n\t\t\t\t\t\t\t\t<\/div>\n\t\t\t\t\t\t\t\t<h3>23 Levata CRL White Flake<\/h3>\n\t\t\t\t\t\t\t<\/div>\n\t\t\t\t\t\t<\/div>\n\t\t\t\t\t<\/div>\n\t\t\t\t<\/div>\n\t\t\t\t\t\t\t<div class=\"wpb_column vc_column_container vc_col-sm-3\">\n\t\t\t\t\t<div class=\"vc_column-inner \">\n\t\t\t\t\t\t<div class=\"wpb_wrapper\">\n\t\t\t\t\t\t\t<div class=\"gallery-grid-box\">\t\t         \t\t\t\t\t\n\t\t\t\t\t\t\t\t<div class=\"box\">\t\t         \t\t\t\t\t\n\t\t\t\t\t\t\t\t\t<img decoding=\"async\" class=\"images\" src=\"https:\/\/legend-media-vault.s3.us-west-2.amazonaws.com\/wp-content\/uploads\/2025\/09\/23140635\/395A4606.png\">   \n\t\t\t\t\t\t\t\t\t<span class=\"caption simple-caption\">\n\t\t\t\t\t\t\t\t\t\t<a href=\"https:\/\/media.legendboats.com\/fr\/vetta-pontoons-fr\/23-levata-qls-windshield-white-flake\/\" class=\"btn get-btn\">VOIR LA GALERIE<\/a>\n\t\t\t\t\t\t\t\t\t<\/span>   \n\t\t\t\t\t\t\t\t<\/div>\n\t\t\t\t\t\t\t\t<h3>23 Levata QLS Windshield White Flake<\/h3>\n\t\t\t\t\t\t\t<\/div>\n\t\t\t\t\t\t<\/div>\n\t\t\t\t\t<\/div>\n\t\t\t\t<\/div>\n\t\t\t\t\t\t\t<div class=\"wpb_column vc_column_container vc_col-sm-3\">\n\t\t\t\t\t<div class=\"vc_column-inner \">\n\t\t\t\t\t\t<div class=\"wpb_wrapper\">\n\t\t\t\t\t\t\t<div class=\"gallery-grid-box\">\t\t         \t\t\t\t\t\n\t\t\t\t\t\t\t\t<div class=\"box\">\t\t         \t\t\t\t\t\n\t\t\t\t\t\t\t\t\t<img decoding=\"async\" class=\"images\" src=\"https:\/\/legend-media-vault.s3.us-west-2.amazonaws.com\/wp-content\/uploads\/2026\/02\/24144636\/25_Levata-S_CognacDSC01203.png\">   \n\t\t\t\t\t\t\t\t\t<span class=\"caption simple-caption\">\n\t\t\t\t\t\t\t\t\t\t<a href=\"https:\/\/media.legendboats.com\/fr\/vetta-pontoons-fr\/25-levata-s-cognac\/\" class=\"btn get-btn\">VOIR LA GALERIE<\/a>\n\t\t\t\t\t\t\t\t\t<\/span>   \n\t\t\t\t\t\t\t\t<\/div>\n\t\t\t\t\t\t\t\t<h3>25 Levata S Cognac<\/h3>\n\t\t\t\t\t\t\t<\/div>\n\t\t\t\t\t\t<\/div>\n\t\t\t\t\t<\/div>\n\t\t\t\t<\/div>\n\t\t\t[\/vc_column][\/vc_row][vc_row][vc_column][vc_empty_space][\/vc_column][\/vc_row][vc_row][vc_column][vc_custom_heading text=\u00a0\u00bbImages en vedette\u00a0\u00bb use_theme_fonts=\u00a0\u00bbyes\u00a0\u00bb][\/vc_column][\/vc_row][vc_row][vc_column width=\u00a0\u00bb1\/3&Prime;]\n\t\t\t\t<div class=\"box\">\n                    <img decoding=\"async\" class=\"images\" src=\"https:\/\/legend-media-vault.s3.us-west-2.amazonaws.com\/wp-content\/uploads\/2025\/05\/27090436\/23_Levata_CRL_Vetta23-1-600x400.png\">    \n                    <span class=\"caption simple-caption\">\n                        <strong class=\"img-heading\">23 Levata CRL: Wireless Charging Station<\/strong><br>\n                        <div class=\"download\"><span>T\u00e9l\u00e9charger haute r\u00e9solution<\/span><a href=\"https:\/\/legend-media-vault.s3.us-west-2.amazonaws.com\/wp-content\/uploads\/2025\/05\/27090436\/23_Levata_CRL_Vetta23-1.png\" class=\"btn get-btn pull-right\" target=\"blank\" download=\"\">OBTENIR<\/a><\/div>\n                        <div class=\"download\"><span>T\u00e9l\u00e9charger base r\u00e9solutionir<\/span><a href=\"https:\/\/legend-media-vault.s3.us-west-2.amazonaws.com\/wp-content\/uploads\/2025\/05\/27090436\/23_Levata_CRL_Vetta23-1.png\" class=\"btn get-btn pull-right\" target=\"blank\" download=\"\">OBTENIR<\/a><\/div>\n                    <\/span>  \n                <\/div>\n\n          [\/vc_column][vc_column width=\u00a0\u00bb1\/3&Prime;]\n\t\t\t\t<div class=\"box\">\n                    <img decoding=\"async\" class=\"images\" src=\"https:\/\/legend-media-vault.s3.us-west-2.amazonaws.com\/wp-content\/uploads\/2025\/05\/27090528\/23_Levata_CRL_Vetta28-1-600x400.png\">    \n                    <span class=\"caption simple-caption\">\n                        <strong class=\"img-heading\">23 Levata CRL: Rear Lounge<\/strong><br>\n                        <div class=\"download\"><span>T\u00e9l\u00e9charger haute r\u00e9solution<\/span><a href=\"https:\/\/legend-media-vault.s3.us-west-2.amazonaws.com\/wp-content\/uploads\/2025\/05\/27090528\/23_Levata_CRL_Vetta28-1.png\" class=\"btn get-btn pull-right\" target=\"blank\" download=\"\">OBTENIR<\/a><\/div>\n                        <div class=\"download\"><span>T\u00e9l\u00e9charger base r\u00e9solutionir<\/span><a href=\"https:\/\/legend-media-vault.s3.us-west-2.amazonaws.com\/wp-content\/uploads\/2025\/05\/27090528\/23_Levata_CRL_Vetta28-1.png\" class=\"btn get-btn pull-right\" target=\"blank\" download=\"\">OBTENIR<\/a><\/div>\n                    <\/span>  \n                <\/div>\n\n          [\/vc_column][vc_column width=\u00a0\u00bb1\/3&Prime;]\n\t\t\t\t<div class=\"box\">\n                    <img decoding=\"async\" class=\"images\" src=\"https:\/\/legend-media-vault.s3.us-west-2.amazonaws.com\/wp-content\/uploads\/2025\/05\/27090620\/23_Levata_CRL_Vetta36-1-600x400.png\">    \n                    <span class=\"caption simple-caption\">\n                        <strong class=\"img-heading\">23 Levata CRL: Speakers<\/strong><br>\n                        <div class=\"download\"><span>T\u00e9l\u00e9charger haute r\u00e9solution<\/span><a href=\"https:\/\/legend-media-vault.s3.us-west-2.amazonaws.com\/wp-content\/uploads\/2025\/05\/27090620\/23_Levata_CRL_Vetta36-1.png\" class=\"btn get-btn pull-right\" target=\"blank\" download=\"\">OBTENIR<\/a><\/div>\n                        <div class=\"download\"><span>T\u00e9l\u00e9charger base r\u00e9solutionir<\/span><a href=\"https:\/\/legend-media-vault.s3.us-west-2.amazonaws.com\/wp-content\/uploads\/2025\/05\/27090620\/23_Levata_CRL_Vetta36-1.png\" class=\"btn get-btn pull-right\" target=\"blank\" download=\"\">OBTENIR<\/a><\/div>\n                    <\/span>  \n                <\/div>\n\n          [\/vc_column][\/vc_row][vc_row][vc_column width=\u00a0\u00bb1\/3&Prime;]\n\t\t\t\t<div class=\"box\">\n                    <img decoding=\"async\" class=\"images\" src=\"https:\/\/legend-media-vault.s3.us-west-2.amazonaws.com\/wp-content\/uploads\/2025\/05\/27090746\/23_Levata_QLS_Windshield_Vetta24-1-600x400.png\">    \n                    <span class=\"caption simple-caption\">\n                        <strong class=\"img-heading\">23 Levata QLS Windshield: Console<\/strong><br>\n                        <div class=\"download\"><span>T\u00e9l\u00e9charger haute r\u00e9solution<\/span><a href=\"https:\/\/legend-media-vault.s3.us-west-2.amazonaws.com\/wp-content\/uploads\/2025\/05\/27090746\/23_Levata_QLS_Windshield_Vetta24-1.png\" class=\"btn get-btn pull-right\" target=\"blank\" download=\"\">OBTENIR<\/a><\/div>\n                        <div class=\"download\"><span>T\u00e9l\u00e9charger base r\u00e9solutionir<\/span><a href=\"https:\/\/legend-media-vault.s3.us-west-2.amazonaws.com\/wp-content\/uploads\/2025\/05\/27090746\/23_Levata_QLS_Windshield_Vetta24-1.png\" class=\"btn get-btn pull-right\" target=\"blank\" download=\"\">OBTENIR<\/a><\/div>\n                    <\/span>  \n                <\/div>\n\n          [\/vc_column][vc_column width=\u00a0\u00bb1\/3&Prime;]\n\t\t\t\t<div class=\"box\">\n                    <img decoding=\"async\" class=\"images\" src=\"https:\/\/legend-media-vault.s3.us-west-2.amazonaws.com\/wp-content\/uploads\/2025\/05\/27090840\/23_Levata_QLS_Windshield_Vetta11-1-600x400.png\">    \n                    <span class=\"caption simple-caption\">\n                        <strong class=\"img-heading\">23 Levata QLS Windshield: Rear Sofas<\/strong><br>\n                        <div class=\"download\"><span>T\u00e9l\u00e9charger haute r\u00e9solution<\/span><a href=\"https:\/\/legend-media-vault.s3.us-west-2.amazonaws.com\/wp-content\/uploads\/2025\/05\/27090840\/23_Levata_QLS_Windshield_Vetta11-1.png\" class=\"btn get-btn pull-right\" target=\"blank\" download=\"\">OBTENIR<\/a><\/div>\n                        <div class=\"download\"><span>T\u00e9l\u00e9charger base r\u00e9solutionir<\/span><a href=\"https:\/\/legend-media-vault.s3.us-west-2.amazonaws.com\/wp-content\/uploads\/2025\/05\/27090840\/23_Levata_QLS_Windshield_Vetta11-1.png\" class=\"btn get-btn pull-right\" target=\"blank\" download=\"\">OBTENIR<\/a><\/div>\n                    <\/span>  \n                <\/div>\n\n          [\/vc_column][vc_column width=\u00a0\u00bb1\/3&Prime;]\n\t\t\t\t<div class=\"box\">\n                    <img decoding=\"async\" class=\"images\" src=\"https:\/\/legend-media-vault.s3.us-west-2.amazonaws.com\/wp-content\/uploads\/2025\/05\/27090925\/23_Levata_QLS_Windshield_Vetta22-1-600x400.png\">    \n                    <span class=\"caption simple-caption\">\n                        <strong class=\"img-heading\">23 Levata QLS Windshield: Rear Storage<\/strong><br>\n                        <div class=\"download\"><span>T\u00e9l\u00e9charger haute r\u00e9solution<\/span><a href=\"https:\/\/legend-media-vault.s3.us-west-2.amazonaws.com\/wp-content\/uploads\/2025\/05\/27090925\/23_Levata_QLS_Windshield_Vetta22-1.png\" class=\"btn get-btn pull-right\" target=\"blank\" download=\"\">OBTENIR<\/a><\/div>\n                        <div class=\"download\"><span>T\u00e9l\u00e9charger base r\u00e9solutionir<\/span><a href=\"https:\/\/legend-media-vault.s3.us-west-2.amazonaws.com\/wp-content\/uploads\/2025\/05\/27090925\/23_Levata_QLS_Windshield_Vetta22-1.png\" class=\"btn get-btn pull-right\" target=\"blank\" download=\"\">OBTENIR<\/a><\/div>\n                    <\/span>  \n                <\/div>\n\n          [\/vc_column][\/vc_row][vc_row][vc_column width=\u00a0\u00bb1\/3&Prime;][\/vc_column][vc_column width=\u00a0\u00bb1\/3&Prime;][\/vc_column][vc_column width=\u00a0\u00bb1\/3&Prime;][\/vc_column][\/vc_row][vc_row][vc_column width=\u00a0\u00bb1\/3&Prime;]\n\t\t\t\t<div class=\"box\">\n                    <img decoding=\"async\" class=\"images\" src=\"https:\/\/legend-media-vault.s3.us-west-2.amazonaws.com\/wp-content\/uploads\/2025\/05\/27090357\/23_Levata_CRL_Vetta39-1-600x400.png\">    \n                    <span class=\"caption simple-caption\">\n                        <strong class=\"img-heading\">23 Levata CRL: Flip-Up Changing Room<\/strong><br>\n                        <div class=\"download\"><span>T\u00e9l\u00e9charger haute r\u00e9solution<\/span><a href=\"https:\/\/legend-media-vault.s3.us-west-2.amazonaws.com\/wp-content\/uploads\/2025\/05\/27090357\/23_Levata_CRL_Vetta39-1.png\" class=\"btn get-btn pull-right\" target=\"blank\" download=\"\">OBTENIR<\/a><\/div>\n                        <div class=\"download\"><span>T\u00e9l\u00e9charger base r\u00e9solutionir<\/span><a href=\"https:\/\/legend-media-vault.s3.us-west-2.amazonaws.com\/wp-content\/uploads\/2025\/05\/27090357\/23_Levata_CRL_Vetta39-1.png\" class=\"btn get-btn pull-right\" target=\"blank\" download=\"\">OBTENIR<\/a><\/div>\n                    <\/span>  \n                <\/div>\n\n          [\/vc_column][vc_column width=\u00a0\u00bb1\/3&Prime;]\n\t\t\t\t<div class=\"box\">\n                    <img decoding=\"async\" class=\"images\" src=\"https:\/\/legend-media-vault.s3.us-west-2.amazonaws.com\/wp-content\/uploads\/2025\/05\/27091020\/23_Levata_QLS_Windshield_Vetta43-1-600x400.png\">    \n                    <span class=\"caption simple-caption\">\n                        <strong class=\"img-heading\">23 Levata QLS Windshield: Windshield<\/strong><br>\n                        <div class=\"download\"><span>T\u00e9l\u00e9charger haute r\u00e9solution<\/span><a href=\"https:\/\/legend-media-vault.s3.us-west-2.amazonaws.com\/wp-content\/uploads\/2025\/05\/27091020\/23_Levata_QLS_Windshield_Vetta43-1.png\" class=\"btn get-btn pull-right\" target=\"blank\" download=\"\">OBTENIR<\/a><\/div>\n                        <div class=\"download\"><span>T\u00e9l\u00e9charger base r\u00e9solutionir<\/span><a href=\"https:\/\/legend-media-vault.s3.us-west-2.amazonaws.com\/wp-content\/uploads\/2025\/05\/27091020\/23_Levata_QLS_Windshield_Vetta43-1.png\" class=\"btn get-btn pull-right\" target=\"blank\" download=\"\">OBTENIR<\/a><\/div>\n                    <\/span>  \n                <\/div>\n\n          [\/vc_column][vc_column width=\u00a0\u00bb1\/3&Prime;][\/vc_column][\/vc_row][vc_row][vc_column][vc_empty_space][\/vc_column][\/vc_row]<\/p>\n<\/section>","protected":false},"excerpt":{"rendered":"<p>[vc_row][vc_column][vc_empty_space][\/vc_column][\/vc_row][vc_row][vc_column][vc_custom_heading text=\u00a0\u00bbLevata\u00a0\u00bb font_container=\u00a0\u00bbtag:h1|text_align:left\u00a0\u00bb use_theme_fonts=\u00a0\u00bbyes\u00a0\u00bb][\/vc_column][\/vc_row][vc_row][vc_column][\/vc_column][\/vc_row][vc_row][vc_column][vc_empty_space][\/vc_column][\/vc_row][vc_row][vc_column][vc_custom_heading text=\u00a0\u00bbImages en vedette\u00a0\u00bb use_theme_fonts=\u00a0\u00bbyes\u00a0\u00bb][\/vc_column][\/vc_row][vc_row][vc_column width=\u00a0\u00bb1\/3&Prime;][\/vc_column][vc_column width=\u00a0\u00bb1\/3&Prime;][\/vc_column][vc_column width=\u00a0\u00bb1\/3&Prime;][\/vc_column][\/vc_row][vc_row][vc_column width=\u00a0\u00bb1\/3&Prime;][\/vc_column][vc_column width=\u00a0\u00bb1\/3&Prime;][\/vc_column][vc_column width=\u00a0\u00bb1\/3&Prime;][\/vc_column][\/vc_row][vc_row][vc_column width=\u00a0\u00bb1\/3&Prime;][\/vc_column][vc_column width=\u00a0\u00bb1\/3&Prime;][\/vc_column][vc_column width=\u00a0\u00bb1\/3&Prime;][\/vc_column][\/vc_row][vc_row][vc_column width=\u00a0\u00bb1\/3&Prime;][\/vc_column][vc_column width=\u00a0\u00bb1\/3&Prime;][\/vc_column][vc_column width=\u00a0\u00bb1\/3&Prime;][\/vc_column][\/vc_row][vc_row][vc_column][vc_empty_space][\/vc_column][\/vc_row]<\/p>\n","protected":false},"author":9,"featured_media":0,"parent":31786,"menu_order":2,"comment_status":"closed","ping_status":"closed","template":"","meta":{"footnotes":""},"class_list":["post-31825","page","type-page","status-publish","hentry"],"_links":{"self":[{"href":"https:\/\/media.legendboats.com\/fr\/wp-json\/wp\/v2\/pages\/31825"}],"collection":[{"href":"https:\/\/media.legendboats.com\/fr\/wp-json\/wp\/v2\/pages"}],"about":[{"href":"https:\/\/media.legendboats.com\/fr\/wp-json\/wp\/v2\/types\/page"}],"author":[{"embeddable":true,"href":"https:\/\/media.legendboats.com\/fr\/wp-json\/wp\/v2\/users\/9"}],"replies":[{"embeddable":true,"href":"https:\/\/media.legendboats.com\/fr\/wp-json\/wp\/v2\/comments?post=31825"}],"version-history":[{"count":3,"href":"https:\/\/media.legendboats.com\/fr\/wp-json\/wp\/v2\/pages\/31825\/revisions"}],"predecessor-version":[{"id":35522,"href":"https:\/\/media.legendboats.com\/fr\/wp-json\/wp\/v2\/pages\/31825\/revisions\/35522"}],"up":[{"embeddable":true,"href":"https:\/\/media.legendboats.com\/fr\/wp-json\/wp\/v2\/pages\/31786"}],"wp:attachment":[{"href":"https:\/\/media.legendboats.com\/fr\/wp-json\/wp\/v2\/media?parent=31825"}],"curies":[{"name":"wp","href":"https:\/\/api.w.org\/{rel}","templated":true}]}}