{"id":31814,"date":"2025-05-14T17:08:23","date_gmt":"2025-05-14T21:08:23","guid":{"rendered":"https:\/\/media.legendboats.com\/pontons\/le\/"},"modified":"2025-09-18T09:00:52","modified_gmt":"2025-09-18T13:00:52","slug":"le","status":"publish","type":"page","link":"https:\/\/media.legendboats.com\/fr\/pontons\/le\/","title":{"rendered":"LE 2026"},"content":{"rendered":"<section class=\"wpb-content-wrapper\"><p>[vc_row][vc_column][vc_empty_space][\/vc_column][\/vc_row][vc_row][vc_column][vc_custom_heading text=\u00a0\u00bbLE\u00a0\u00bb font_container=\u00a0\u00bbtag:h1|text_align:left\u00a0\u00bb use_theme_fonts=\u00a0\u00bbyes\u00a0\u00bb][\/vc_column][\/vc_row][vc_row][vc_column]\t\t\t\t<div class=\"wpb_column vc_column_container vc_col-sm-3\">\n\t\t\t\t\t<div class=\"vc_column-inner \">\n\t\t\t\t\t\t<div class=\"wpb_wrapper\">\n\t\t\t\t\t\t\t<div class=\"gallery-grid-box\">\t\t         \t\t\t\t\t\n\t\t\t\t\t\t\t\t<div class=\"box\">\t\t         \t\t\t\t\t\n\t\t\t\t\t\t\t\t\t<img decoding=\"async\" class=\"images\" src=\"https:\/\/legend-media-vault.s3.us-west-2.amazonaws.com\/wp-content\/uploads\/2025\/05\/15131356\/LE_15-C_Legend-BoatsDSC08249-2-1.png\">   \n\t\t\t\t\t\t\t\t\t<span class=\"caption simple-caption\">\n\t\t\t\t\t\t\t\t\t\t<a href=\"https:\/\/media.legendboats.com\/fr\/pontons\/le-15-c\/\" class=\"btn get-btn\">VOIR LA GALERIE<\/a>\n\t\t\t\t\t\t\t\t\t<\/span>   \n\t\t\t\t\t\t\t\t<\/div>\n\t\t\t\t\t\t\t\t<h3>LE 15 C<\/h3>\n\t\t\t\t\t\t\t<\/div>\n\t\t\t\t\t\t<\/div>\n\t\t\t\t\t<\/div>\n\t\t\t\t<\/div>\n\t\t\t\t\t\t\t<div class=\"wpb_column vc_column_container vc_col-sm-3\">\n\t\t\t\t\t<div class=\"vc_column-inner \">\n\t\t\t\t\t\t<div class=\"wpb_wrapper\">\n\t\t\t\t\t\t\t<div class=\"gallery-grid-box\">\t\t         \t\t\t\t\t\n\t\t\t\t\t\t\t\t<div class=\"box\">\t\t         \t\t\t\t\t\n\t\t\t\t\t\t\t\t\t<img decoding=\"async\" class=\"images\" src=\"https:\/\/legend-media-vault.s3.us-west-2.amazonaws.com\/wp-content\/uploads\/2025\/05\/15133819\/LE_17-RS_LegendBoats-395A9354.png\">   \n\t\t\t\t\t\t\t\t\t<span class=\"caption simple-caption\">\n\t\t\t\t\t\t\t\t\t\t<a href=\"https:\/\/media.legendboats.com\/fr\/pontons\/le-17-rs\/\" class=\"btn get-btn\">VOIR LA GALERIE<\/a>\n\t\t\t\t\t\t\t\t\t<\/span>   \n\t\t\t\t\t\t\t\t<\/div>\n\t\t\t\t\t\t\t\t<h3>LE 17 RS<\/h3>\n\t\t\t\t\t\t\t<\/div>\n\t\t\t\t\t\t<\/div>\n\t\t\t\t\t<\/div>\n\t\t\t\t<\/div>\n\t\t\t\t\t\t\t<div class=\"wpb_column vc_column_container vc_col-sm-3\">\n\t\t\t\t\t<div class=\"vc_column-inner \">\n\t\t\t\t\t\t<div class=\"wpb_wrapper\">\n\t\t\t\t\t\t\t<div class=\"gallery-grid-box\">\t\t         \t\t\t\t\t\n\t\t\t\t\t\t\t\t<div class=\"box\">\t\t         \t\t\t\t\t\n\t\t\t\t\t\t\t\t\t<img decoding=\"async\" class=\"images\" src=\"https:\/\/legend-media-vault.s3.us-west-2.amazonaws.com\/wp-content\/uploads\/2025\/05\/15135944\/LE-19-QL_Profile-1.png\">   \n\t\t\t\t\t\t\t\t\t<span class=\"caption simple-caption\">\n\t\t\t\t\t\t\t\t\t\t<a href=\"https:\/\/media.legendboats.com\/fr\/pontons\/le-19-ql\/\" class=\"btn get-btn\">VOIR LA GALERIE<\/a>\n\t\t\t\t\t\t\t\t\t<\/span>   \n\t\t\t\t\t\t\t\t<\/div>\n\t\t\t\t\t\t\t\t<h3>LE 19 QL<\/h3>\n\t\t\t\t\t\t\t<\/div>\n\t\t\t\t\t\t<\/div>\n\t\t\t\t\t<\/div>\n\t\t\t\t<\/div>\n\t\t\t\t\t\t\t<div class=\"wpb_column vc_column_container vc_col-sm-3\">\n\t\t\t\t\t<div class=\"vc_column-inner \">\n\t\t\t\t\t\t<div class=\"wpb_wrapper\">\n\t\t\t\t\t\t\t<div class=\"gallery-grid-box\">\t\t         \t\t\t\t\t\n\t\t\t\t\t\t\t\t<div class=\"box\">\t\t         \t\t\t\t\t\n\t\t\t\t\t\t\t\t\t<img decoding=\"async\" class=\"images\" src=\"https:\/\/legend-media-vault.s3.us-west-2.amazonaws.com\/wp-content\/uploads\/2025\/05\/15143950\/LE-19-RF-profile-20241001-DSC08039-1.png\">   \n\t\t\t\t\t\t\t\t\t<span class=\"caption simple-caption\">\n\t\t\t\t\t\t\t\t\t\t<a href=\"https:\/\/media.legendboats.com\/fr\/pontons\/le-19-rf\/\" class=\"btn get-btn\">VOIR LA GALERIE<\/a>\n\t\t\t\t\t\t\t\t\t<\/span>   \n\t\t\t\t\t\t\t\t<\/div>\n\t\t\t\t\t\t\t\t<h3>LE 19 RF<\/h3>\n\t\t\t\t\t\t\t<\/div>\n\t\t\t\t\t\t<\/div>\n\t\t\t\t\t<\/div>\n\t\t\t\t<\/div>\n\t\t\t\t\t\t\t<div class=\"wpb_column vc_column_container vc_col-sm-3\">\n\t\t\t\t\t<div class=\"vc_column-inner \">\n\t\t\t\t\t\t<div class=\"wpb_wrapper\">\n\t\t\t\t\t\t\t<div class=\"gallery-grid-box\">\t\t         \t\t\t\t\t\n\t\t\t\t\t\t\t\t<div class=\"box\">\t\t         \t\t\t\t\t\n\t\t\t\t\t\t\t\t\t<img decoding=\"async\" class=\"images\" src=\"https:\/\/legend-media-vault.s3.us-west-2.amazonaws.com\/wp-content\/uploads\/2025\/05\/15152951\/LE_21-CRL_Legend-Boats395A0398_Updated-1.png\">   \n\t\t\t\t\t\t\t\t\t<span class=\"caption simple-caption\">\n\t\t\t\t\t\t\t\t\t\t<a href=\"https:\/\/media.legendboats.com\/fr\/pontons\/le-21-crl\/\" class=\"btn get-btn\">VOIR LA GALERIE<\/a>\n\t\t\t\t\t\t\t\t\t<\/span>   \n\t\t\t\t\t\t\t\t<\/div>\n\t\t\t\t\t\t\t\t<h3>LE 21 CRL<\/h3>\n\t\t\t\t\t\t\t<\/div>\n\t\t\t\t\t\t<\/div>\n\t\t\t\t\t<\/div>\n\t\t\t\t<\/div>\n\t\t\t\t\t\t\t<div class=\"wpb_column vc_column_container vc_col-sm-3\">\n\t\t\t\t\t<div class=\"vc_column-inner \">\n\t\t\t\t\t\t<div class=\"wpb_wrapper\">\n\t\t\t\t\t\t\t<div class=\"gallery-grid-box\">\t\t         \t\t\t\t\t\n\t\t\t\t\t\t\t\t<div class=\"box\">\t\t         \t\t\t\t\t\n\t\t\t\t\t\t\t\t\t<img decoding=\"async\" class=\"images\" src=\"https:\/\/legend-media-vault.s3.us-west-2.amazonaws.com\/wp-content\/uploads\/2025\/05\/15155341\/LE_21-QL_ProfileUpdated-2-1.png\">   \n\t\t\t\t\t\t\t\t\t<span class=\"caption simple-caption\">\n\t\t\t\t\t\t\t\t\t\t<a href=\"https:\/\/media.legendboats.com\/fr\/pontons\/le-21-ql\/\" class=\"btn get-btn\">VOIR LA GALERIE<\/a>\n\t\t\t\t\t\t\t\t\t<\/span>   \n\t\t\t\t\t\t\t\t<\/div>\n\t\t\t\t\t\t\t\t<h3>LE 21 QL<\/h3>\n\t\t\t\t\t\t\t<\/div>\n\t\t\t\t\t\t<\/div>\n\t\t\t\t\t<\/div>\n\t\t\t\t<\/div>\n\t\t\t\t\t\t\t<div class=\"wpb_column vc_column_container vc_col-sm-3\">\n\t\t\t\t\t<div class=\"vc_column-inner \">\n\t\t\t\t\t\t<div class=\"wpb_wrapper\">\n\t\t\t\t\t\t\t<div class=\"gallery-grid-box\">\t\t         \t\t\t\t\t\n\t\t\t\t\t\t\t\t<div class=\"box\">\t\t         \t\t\t\t\t\n\t\t\t\t\t\t\t\t\t<img decoding=\"async\" class=\"images\" src=\"https:\/\/legend-media-vault.s3.us-west-2.amazonaws.com\/wp-content\/uploads\/2025\/05\/14084135\/395A2658-2.png\">   \n\t\t\t\t\t\t\t\t\t<span class=\"caption simple-caption\">\n\t\t\t\t\t\t\t\t\t\t<a href=\"https:\/\/media.legendboats.com\/fr\/pontons\/le-19-rs-ext\/\" class=\"btn get-btn\">VOIR LA GALERIE<\/a>\n\t\t\t\t\t\t\t\t\t<\/span>   \n\t\t\t\t\t\t\t\t<\/div>\n\t\t\t\t\t\t\t\t<h3>LE 19 RS EXT<\/h3>\n\t\t\t\t\t\t\t<\/div>\n\t\t\t\t\t\t<\/div>\n\t\t\t\t\t<\/div>\n\t\t\t\t<\/div>\n\t\t\t\t\t\t\t<div class=\"wpb_column vc_column_container vc_col-sm-3\">\n\t\t\t\t\t<div class=\"vc_column-inner \">\n\t\t\t\t\t\t<div class=\"wpb_wrapper\">\n\t\t\t\t\t\t\t<div class=\"gallery-grid-box\">\t\t         \t\t\t\t\t\n\t\t\t\t\t\t\t\t<div class=\"box\">\t\t         \t\t\t\t\t\n\t\t\t\t\t\t\t\t\t<img decoding=\"async\" class=\"images\" src=\"https:\/\/legend-media-vault.s3.us-west-2.amazonaws.com\/wp-content\/uploads\/2025\/08\/11090109\/395A5075.png\">   \n\t\t\t\t\t\t\t\t\t<span class=\"caption simple-caption\">\n\t\t\t\t\t\t\t\t\t\t<a href=\"https:\/\/media.legendboats.com\/fr\/pontons\/le-21-ql-premium\/\" class=\"btn get-btn\">VOIR LA GALERIE<\/a>\n\t\t\t\t\t\t\t\t\t<\/span>   \n\t\t\t\t\t\t\t\t<\/div>\n\t\t\t\t\t\t\t\t<h3>LE 21 QL Premium<\/h3>\n\t\t\t\t\t\t\t<\/div>\n\t\t\t\t\t\t<\/div>\n\t\t\t\t\t<\/div>\n\t\t\t\t<\/div>\n\t\t\t\t\t\t\t<div class=\"wpb_column vc_column_container vc_col-sm-3\">\n\t\t\t\t\t<div class=\"vc_column-inner \">\n\t\t\t\t\t\t<div class=\"wpb_wrapper\">\n\t\t\t\t\t\t\t<div class=\"gallery-grid-box\">\t\t         \t\t\t\t\t\n\t\t\t\t\t\t\t\t<div class=\"box\">\t\t         \t\t\t\t\t\n\t\t\t\t\t\t\t\t\t<img decoding=\"async\" class=\"images\" src=\"https:\/\/legend-media-vault.s3.us-west-2.amazonaws.com\/wp-content\/uploads\/2025\/08\/14111600\/395A2910.png\">   \n\t\t\t\t\t\t\t\t\t<span class=\"caption simple-caption\">\n\t\t\t\t\t\t\t\t\t\t<a href=\"https:\/\/media.legendboats.com\/fr\/pontons\/le-19-ql-premium-2\/\" class=\"btn get-btn\">VOIR LA GALERIE<\/a>\n\t\t\t\t\t\t\t\t\t<\/span>   \n\t\t\t\t\t\t\t\t<\/div>\n\t\t\t\t\t\t\t\t<h3>LE 19 QL Premium<\/h3>\n\t\t\t\t\t\t\t<\/div>\n\t\t\t\t\t\t<\/div>\n\t\t\t\t\t<\/div>\n\t\t\t\t<\/div>\n\t\t\t[\/vc_column][\/vc_row][vc_row][vc_column][vc_empty_space][\/vc_column][\/vc_row][vc_row][vc_column][vc_custom_heading text=\u00a0\u00bbImages en vedette\u00a0\u00bb use_theme_fonts=\u00a0\u00bbyes\u00a0\u00bb][\/vc_column][\/vc_row][vc_row][vc_column width=\u00a0\u00bb1\/3&Prime;]\n\t\t\t\t<div class=\"box\">\n                    <img decoding=\"async\" class=\"images\" src=\"https:\/\/legend-media-vault.s3.us-west-2.amazonaws.com\/wp-content\/uploads\/2025\/05\/15162705\/395A9656_result-1-600x400.png\">    \n                    <span class=\"caption simple-caption\">\n                        <strong class=\"img-heading\">LE 17 RS: Sofa Storage<\/strong><br>\n                        <div class=\"download\"><span>T\u00e9l\u00e9charger haute r\u00e9solution<\/span><a href=\"\" class=\"btn get-btn pull-right\" target=\"blank\" download=\"\">OBTENIR<\/a><\/div>\n                        <div class=\"download\"><span>T\u00e9l\u00e9charger base r\u00e9solutionir<\/span><a href=\"https:\/\/legend-media-vault.s3.us-west-2.amazonaws.com\/wp-content\/uploads\/2025\/05\/15162705\/395A9656_result-1.png\" class=\"btn get-btn pull-right\" target=\"blank\" download=\"\">OBTENIR<\/a><\/div>\n                    <\/span>  \n                <\/div>\n\n          [\/vc_column][vc_column width=\u00a0\u00bb1\/3&Prime;]\n\t\t\t\t<div class=\"box\">\n                    <img decoding=\"async\" class=\"images\" src=\"https:\/\/legend-media-vault.s3.us-west-2.amazonaws.com\/wp-content\/uploads\/2025\/05\/15162920\/LE-17-RS-Legend-Boats-395A9670-600x400.jpg\">    \n                    <span class=\"caption simple-caption\">\n                        <strong class=\"img-heading\">LE 17 RS: Sofa Charging Outlets<\/strong><br>\n                        <div class=\"download\"><span>T\u00e9l\u00e9charger haute r\u00e9solution<\/span><a href=\"\" class=\"btn get-btn pull-right\" target=\"blank\" download=\"\">OBTENIR<\/a><\/div>\n                        <div class=\"download\"><span>T\u00e9l\u00e9charger base r\u00e9solutionir<\/span><a href=\"https:\/\/legend-media-vault.s3.us-west-2.amazonaws.com\/wp-content\/uploads\/2025\/05\/15162920\/LE-17-RS-Legend-Boats-395A9670.jpg\" class=\"btn get-btn pull-right\" target=\"blank\" download=\"\">OBTENIR<\/a><\/div>\n                    <\/span>  \n                <\/div>\n\n          [\/vc_column][vc_column width=\u00a0\u00bb1\/3&Prime;]\n\t\t\t\t<div class=\"box\">\n                    <img decoding=\"async\" class=\"images\" src=\"https:\/\/legend-media-vault.s3.us-west-2.amazonaws.com\/wp-content\/uploads\/2025\/05\/15163134\/LE_19-QL_Legend-Boats-2025-395A9423-1-600x400.png\">    \n                    <span class=\"caption simple-caption\">\n                        <strong class=\"img-heading\">LE 19 QL: Console<\/strong><br>\n                        <div class=\"download\"><span>T\u00e9l\u00e9charger haute r\u00e9solution<\/span><a href=\"\" class=\"btn get-btn pull-right\" target=\"blank\" download=\"\">OBTENIR<\/a><\/div>\n                        <div class=\"download\"><span>T\u00e9l\u00e9charger base r\u00e9solutionir<\/span><a href=\"https:\/\/legend-media-vault.s3.us-west-2.amazonaws.com\/wp-content\/uploads\/2025\/05\/15163134\/LE_19-QL_Legend-Boats-2025-395A9423-1.png\" class=\"btn get-btn pull-right\" target=\"blank\" download=\"\">OBTENIR<\/a><\/div>\n                    <\/span>  \n                <\/div>\n\n          [\/vc_column][\/vc_row][vc_row][vc_column width=\u00a0\u00bb1\/3&Prime;]\n\t\t\t\t<div class=\"box\">\n                    <img decoding=\"async\" class=\"images\" src=\"https:\/\/legend-media-vault.s3.us-west-2.amazonaws.com\/wp-content\/uploads\/2025\/05\/15163249\/LE_19-QL_Legend-Boats-2025-395A9433-1-600x400.png\">    \n                    <span class=\"caption simple-caption\">\n                        <strong class=\"img-heading\">LE 19 QL: Stern View<\/strong><br>\n                        <div class=\"download\"><span>T\u00e9l\u00e9charger haute r\u00e9solution<\/span><a href=\"\" class=\"btn get-btn pull-right\" target=\"blank\" download=\"\">OBTENIR<\/a><\/div>\n                        <div class=\"download\"><span>T\u00e9l\u00e9charger base r\u00e9solutionir<\/span><a href=\"https:\/\/legend-media-vault.s3.us-west-2.amazonaws.com\/wp-content\/uploads\/2025\/05\/15163249\/LE_19-QL_Legend-Boats-2025-395A9433-1.png\" class=\"btn get-btn pull-right\" target=\"blank\" download=\"\">OBTENIR<\/a><\/div>\n                    <\/span>  \n                <\/div>\n\n          [\/vc_column][vc_column width=\u00a0\u00bb1\/3&Prime;]\n\t\t\t\t<div class=\"box\">\n                    <img decoding=\"async\" class=\"images\" src=\"https:\/\/legend-media-vault.s3.us-west-2.amazonaws.com\/wp-content\/uploads\/2025\/05\/15163431\/20241001-DSC08055-1-600x400.png\">    \n                    <span class=\"caption simple-caption\">\n                        <strong class=\"img-heading\">LE 19 RF: 2 Rear Fishing Chairs<\/strong><br>\n                        <div class=\"download\"><span>T\u00e9l\u00e9charger haute r\u00e9solution<\/span><a href=\"\" class=\"btn get-btn pull-right\" target=\"blank\" download=\"\">OBTENIR<\/a><\/div>\n                        <div class=\"download\"><span>T\u00e9l\u00e9charger base r\u00e9solutionir<\/span><a href=\"https:\/\/legend-media-vault.s3.us-west-2.amazonaws.com\/wp-content\/uploads\/2025\/05\/15163431\/20241001-DSC08055-1.png\" class=\"btn get-btn pull-right\" target=\"blank\" download=\"\">OBTENIR<\/a><\/div>\n                    <\/span>  \n                <\/div>\n\n          [\/vc_column][vc_column width=\u00a0\u00bb1\/3&Prime;]\n\t\t\t\t<div class=\"box\">\n                    <img decoding=\"async\" class=\"images\" src=\"https:\/\/legend-media-vault.s3.us-west-2.amazonaws.com\/wp-content\/uploads\/2025\/05\/15164128\/20241002-DSC08105-1-600x400.png\">    \n                    <span class=\"caption simple-caption\">\n                        <strong class=\"img-heading\">LE 19 RF: Flip-Up Changing Room<\/strong><br>\n                        <div class=\"download\"><span>T\u00e9l\u00e9charger haute r\u00e9solution<\/span><a href=\"\" class=\"btn get-btn pull-right\" target=\"blank\" download=\"\">OBTENIR<\/a><\/div>\n                        <div class=\"download\"><span>T\u00e9l\u00e9charger base r\u00e9solutionir<\/span><a href=\"https:\/\/legend-media-vault.s3.us-west-2.amazonaws.com\/wp-content\/uploads\/2025\/05\/15164128\/20241002-DSC08105-1.png\" class=\"btn get-btn pull-right\" target=\"blank\" download=\"\">OBTENIR<\/a><\/div>\n                    <\/span>  \n                <\/div>\n\n          [\/vc_column][\/vc_row][vc_row][vc_column width=\u00a0\u00bb1\/3&Prime;]\n\t\t\t\t<div class=\"box\">\n                    <img decoding=\"async\" class=\"images\" src=\"https:\/\/legend-media-vault.s3.us-west-2.amazonaws.com\/wp-content\/uploads\/2025\/05\/20093728\/DSC08296-600x400.png\">    \n                    <span class=\"caption simple-caption\">\n                        <strong class=\"img-heading\">LE 15 C: Front Sofa<\/strong><br>\n                        <div class=\"download\"><span>T\u00e9l\u00e9charger haute r\u00e9solution<\/span><a href=\"\" class=\"btn get-btn pull-right\" target=\"blank\" download=\"\">OBTENIR<\/a><\/div>\n                        <div class=\"download\"><span>T\u00e9l\u00e9charger base r\u00e9solutionir<\/span><a href=\"https:\/\/legend-media-vault.s3.us-west-2.amazonaws.com\/wp-content\/uploads\/2025\/05\/20093728\/DSC08296.png\" class=\"btn get-btn pull-right\" target=\"blank\" download=\"\">OBTENIR<\/a><\/div>\n                    <\/span>  \n                <\/div>\n\n          [\/vc_column][vc_column width=\u00a0\u00bb1\/3&Prime;]\n\t\t\t\t<div class=\"box\">\n                    <img decoding=\"async\" class=\"images\" src=\"https:\/\/legend-media-vault.s3.us-west-2.amazonaws.com\/wp-content\/uploads\/2025\/05\/20100014\/DSC08291-1-600x400.png\">    \n                    <span class=\"caption simple-caption\">\n                        <strong class=\"img-heading\">LE 15 C: L Shaped Sofa<\/strong><br>\n                        <div class=\"download\"><span>T\u00e9l\u00e9charger haute r\u00e9solution<\/span><a href=\"\" class=\"btn get-btn pull-right\" target=\"blank\" download=\"\">OBTENIR<\/a><\/div>\n                        <div class=\"download\"><span>T\u00e9l\u00e9charger base r\u00e9solutionir<\/span><a href=\"https:\/\/legend-media-vault.s3.us-west-2.amazonaws.com\/wp-content\/uploads\/2025\/05\/20100014\/DSC08291-1.png\" class=\"btn get-btn pull-right\" target=\"blank\" download=\"\">OBTENIR<\/a><\/div>\n                    <\/span>  \n                <\/div>\n\n          [\/vc_column][vc_column width=\u00a0\u00bb1\/3&Prime;]\n\t\t\t\t<div class=\"box\">\n                    <img decoding=\"async\" class=\"images\" src=\"https:\/\/legend-media-vault.s3.us-west-2.amazonaws.com\/wp-content\/uploads\/2025\/05\/20095348\/2025-Legend-Boats-LE-21-CRL-395A0460-1-600x400.png\">    \n                    <span class=\"caption simple-caption\">\n                        <strong class=\"img-heading\">LE 21 CRL: Fishing Rod Storage<\/strong><br>\n                        <div class=\"download\"><span>T\u00e9l\u00e9charger haute r\u00e9solution<\/span><a href=\"\" class=\"btn get-btn pull-right\" target=\"blank\" download=\"\">OBTENIR<\/a><\/div>\n                        <div class=\"download\"><span>T\u00e9l\u00e9charger base r\u00e9solutionir<\/span><a href=\"https:\/\/legend-media-vault.s3.us-west-2.amazonaws.com\/wp-content\/uploads\/2025\/05\/20095348\/2025-Legend-Boats-LE-21-CRL-395A0460-1.png\" class=\"btn get-btn pull-right\" target=\"blank\" download=\"\">OBTENIR<\/a><\/div>\n                    <\/span>  \n                <\/div>\n\n          [\/vc_column][\/vc_row][vc_row][vc_column width=\u00a0\u00bb1\/3&Prime;]\n\t\t\t\t<div class=\"box\">\n                    <img decoding=\"async\" class=\"images\" src=\"https:\/\/legend-media-vault.s3.us-west-2.amazonaws.com\/wp-content\/uploads\/2025\/05\/20095434\/2025-Legend-Boats-LE-21-CRL-395A0668-1-600x400.png\">    \n                    <span class=\"caption simple-caption\">\n                        <strong class=\"img-heading\">LE 21 CRL: Rear Lounge<\/strong><br>\n                        <div class=\"download\"><span>T\u00e9l\u00e9charger haute r\u00e9solution<\/span><a href=\"\" class=\"btn get-btn pull-right\" target=\"blank\" download=\"\">OBTENIR<\/a><\/div>\n                        <div class=\"download\"><span>T\u00e9l\u00e9charger base r\u00e9solutionir<\/span><a href=\"https:\/\/legend-media-vault.s3.us-west-2.amazonaws.com\/wp-content\/uploads\/2025\/05\/20095434\/2025-Legend-Boats-LE-21-CRL-395A0668-1.png\" class=\"btn get-btn pull-right\" target=\"blank\" download=\"\">OBTENIR<\/a><\/div>\n                    <\/span>  \n                <\/div>\n\n          [\/vc_column][vc_column width=\u00a0\u00bb1\/3&Prime;]\n\t\t\t\t<div class=\"box\">\n                    <img decoding=\"async\" class=\"images\" src=\"https:\/\/legend-media-vault.s3.us-west-2.amazonaws.com\/wp-content\/uploads\/2025\/05\/20095854\/395A3051-1-600x400.png\">    \n                    <span class=\"caption simple-caption\">\n                        <strong class=\"img-heading\">LE 21 QL: Stereo<\/strong><br>\n                        <div class=\"download\"><span>T\u00e9l\u00e9charger haute r\u00e9solution<\/span><a href=\"\" class=\"btn get-btn pull-right\" target=\"blank\" download=\"\">OBTENIR<\/a><\/div>\n                        <div class=\"download\"><span>T\u00e9l\u00e9charger base r\u00e9solutionir<\/span><a href=\"https:\/\/legend-media-vault.s3.us-west-2.amazonaws.com\/wp-content\/uploads\/2025\/05\/20095854\/395A3051-1.png\" class=\"btn get-btn pull-right\" target=\"blank\" download=\"\">OBTENIR<\/a><\/div>\n                    <\/span>  \n                <\/div>\n\n          [\/vc_column][vc_column width=\u00a0\u00bb1\/3&Prime;]\n\t\t\t\t<div class=\"box\">\n                    <img decoding=\"async\" class=\"images\" src=\"https:\/\/legend-media-vault.s3.us-west-2.amazonaws.com\/wp-content\/uploads\/2025\/05\/20095018\/LE-19-RS-EXT-Legend-Boats-395A2724-600x400.jpg\">    \n                    <span class=\"caption simple-caption\">\n                        <strong class=\"img-heading\">LE 19 RS EXT: 2 Front Fishing Chairs<\/strong><br>\n                        <div class=\"download\"><span>T\u00e9l\u00e9charger haute r\u00e9solution<\/span><a href=\"\" class=\"btn get-btn pull-right\" target=\"blank\" download=\"\">OBTENIR<\/a><\/div>\n                        <div class=\"download\"><span>T\u00e9l\u00e9charger base r\u00e9solutionir<\/span><a href=\"https:\/\/legend-media-vault.s3.us-west-2.amazonaws.com\/wp-content\/uploads\/2025\/05\/20095018\/LE-19-RS-EXT-Legend-Boats-395A2724.jpg\" class=\"btn get-btn pull-right\" target=\"blank\" download=\"\">OBTENIR<\/a><\/div>\n                    <\/span>  \n                <\/div>\n\n          [\/vc_column][\/vc_row][vc_row][vc_column][vc_empty_space][\/vc_column][\/vc_row]<\/p>\n<\/section>","protected":false},"excerpt":{"rendered":"<p>[vc_row][vc_column][vc_empty_space][\/vc_column][\/vc_row][vc_row][vc_column][vc_custom_heading text=\u00a0\u00bbLE\u00a0\u00bb font_container=\u00a0\u00bbtag:h1|text_align:left\u00a0\u00bb use_theme_fonts=\u00a0\u00bbyes\u00a0\u00bb][\/vc_column][\/vc_row][vc_row][vc_column][\/vc_column][\/vc_row][vc_row][vc_column][vc_empty_space][\/vc_column][\/vc_row][vc_row][vc_column][vc_custom_heading text=\u00a0\u00bbImages en vedette\u00a0\u00bb use_theme_fonts=\u00a0\u00bbyes\u00a0\u00bb][\/vc_column][\/vc_row][vc_row][vc_column width=\u00a0\u00bb1\/3&Prime;][\/vc_column][vc_column width=\u00a0\u00bb1\/3&Prime;][\/vc_column][vc_column width=\u00a0\u00bb1\/3&Prime;][\/vc_column][\/vc_row][vc_row][vc_column width=\u00a0\u00bb1\/3&Prime;][\/vc_column][vc_column width=\u00a0\u00bb1\/3&Prime;][\/vc_column][vc_column width=\u00a0\u00bb1\/3&Prime;][\/vc_column][\/vc_row][vc_row][vc_column width=\u00a0\u00bb1\/3&Prime;][\/vc_column][vc_column width=\u00a0\u00bb1\/3&Prime;][\/vc_column][vc_column width=\u00a0\u00bb1\/3&Prime;][\/vc_column][\/vc_row][vc_row][vc_column width=\u00a0\u00bb1\/3&Prime;][\/vc_column][vc_column width=\u00a0\u00bb1\/3&Prime;][\/vc_column][vc_column width=\u00a0\u00bb1\/3&Prime;][\/vc_column][\/vc_row][vc_row][vc_column][vc_empty_space][\/vc_column][\/vc_row]<\/p>\n","protected":false},"author":9,"featured_media":0,"parent":1310,"menu_order":0,"comment_status":"closed","ping_status":"closed","template":"","meta":{"footnotes":""},"class_list":["post-31814","page","type-page","status-publish","hentry"],"_links":{"self":[{"href":"https:\/\/media.legendboats.com\/fr\/wp-json\/wp\/v2\/pages\/31814"}],"collection":[{"href":"https:\/\/media.legendboats.com\/fr\/wp-json\/wp\/v2\/pages"}],"about":[{"href":"https:\/\/media.legendboats.com\/fr\/wp-json\/wp\/v2\/types\/page"}],"author":[{"embeddable":true,"href":"https:\/\/media.legendboats.com\/fr\/wp-json\/wp\/v2\/users\/9"}],"replies":[{"embeddable":true,"href":"https:\/\/media.legendboats.com\/fr\/wp-json\/wp\/v2\/comments?post=31814"}],"version-history":[{"count":3,"href":"https:\/\/media.legendboats.com\/fr\/wp-json\/wp\/v2\/pages\/31814\/revisions"}],"predecessor-version":[{"id":35509,"href":"https:\/\/media.legendboats.com\/fr\/wp-json\/wp\/v2\/pages\/31814\/revisions\/35509"}],"up":[{"embeddable":true,"href":"https:\/\/media.legendboats.com\/fr\/wp-json\/wp\/v2\/pages\/1310"}],"wp:attachment":[{"href":"https:\/\/media.legendboats.com\/fr\/wp-json\/wp\/v2\/media?parent=31814"}],"curies":[{"name":"wp","href":"https:\/\/api.w.org\/{rel}","templated":true}]}}