{"id":31782,"date":"2025-05-21T11:06:19","date_gmt":"2025-05-21T15:06:19","guid":{"rendered":"https:\/\/media.legendboats.com\/bateaux\/xt\/"},"modified":"2026-01-21T08:51:58","modified_gmt":"2026-01-21T13:51:58","slug":"xt","status":"publish","type":"page","link":"https:\/\/media.legendboats.com\/fr\/bateaux\/xt\/","title":{"rendered":"XT 2026"},"content":{"rendered":"<section class=\"wpb-content-wrapper\"><p>[vc_row][vc_column][vc_empty_space][\/vc_column][\/vc_row][vc_row][vc_column][vc_custom_heading text=\u00a0\u00bbS\u00e9rie XT\u00a0\u00bb font_container=\u00a0\u00bbtag:h1|text_align:left\u00a0\u00bb use_theme_fonts=\u00a0\u00bbyes\u00a0\u00bb][\/vc_column][\/vc_row][vc_row][vc_column]\t\t\t\t<div class=\"wpb_column vc_column_container vc_col-sm-4\">\n\t\t\t\t\t<div class=\"vc_column-inner \">\n\t\t\t\t\t\t<div class=\"wpb_wrapper\">\n\t\t\t\t\t\t\t<div class=\"gallery-grid-box\">\t\t         \t\t\t\t\t\n\t\t\t\t\t\t\t\t<div class=\"box\">\t\t         \t\t\t\t\t\n\t\t\t\t\t\t\t\t\t<img decoding=\"async\" class=\"images\" src=\"https:\/\/legend-media-vault.s3.us-west-2.amazonaws.com\/wp-content\/uploads\/2024\/11\/13090455\/17XT_Chilipepper_Profile-1.png\">   \n\t\t\t\t\t\t\t\t\t<span class=\"caption simple-caption\">\n\t\t\t\t\t\t\t\t\t\t<a href=\"https:\/\/media.legendboats.com\/fr\/xt-fr\/17-xt-chili-pepper-red\/\" class=\"btn get-btn\">VOIR LA GALERIE<\/a>\n\t\t\t\t\t\t\t\t\t<\/span>   \n\t\t\t\t\t\t\t\t<\/div>\n\t\t\t\t\t\t\t\t<h3>17 XT Chili Pepper Red<\/h3>\n\t\t\t\t\t\t\t<\/div>\n\t\t\t\t\t\t<\/div>\n\t\t\t\t\t<\/div>\n\t\t\t\t<\/div>\n\t\t\t\t\t\t\t<div class=\"wpb_column vc_column_container vc_col-sm-4\">\n\t\t\t\t\t<div class=\"vc_column-inner \">\n\t\t\t\t\t\t<div class=\"wpb_wrapper\">\n\t\t\t\t\t\t\t<div class=\"gallery-grid-box\">\t\t         \t\t\t\t\t\n\t\t\t\t\t\t\t\t<div class=\"box\">\t\t         \t\t\t\t\t\n\t\t\t\t\t\t\t\t\t<img decoding=\"async\" class=\"images\" src=\"https:\/\/legend-media-vault.s3.us-west-2.amazonaws.com\/wp-content\/uploads\/2025\/09\/20084725\/17XT-Sapphire-Profile-Trailer.png\">   \n\t\t\t\t\t\t\t\t\t<span class=\"caption simple-caption\">\n\t\t\t\t\t\t\t\t\t\t<a href=\"https:\/\/media.legendboats.com\/fr\/bateaux\/17xt-sapphire-blue\/\" class=\"btn get-btn\">VOIR LA GALERIE<\/a>\n\t\t\t\t\t\t\t\t\t<\/span>   \n\t\t\t\t\t\t\t\t<\/div>\n\t\t\t\t\t\t\t\t<h3>17 XT Sapphire Blue<\/h3>\n\t\t\t\t\t\t\t<\/div>\n\t\t\t\t\t\t<\/div>\n\t\t\t\t\t<\/div>\n\t\t\t\t<\/div>\n\t\t\t\t\t\t\t<div class=\"wpb_column vc_column_container vc_col-sm-4\">\n\t\t\t\t\t<div class=\"vc_column-inner \">\n\t\t\t\t\t\t<div class=\"wpb_wrapper\">\n\t\t\t\t\t\t\t<div class=\"gallery-grid-box\">\t\t         \t\t\t\t\t\n\t\t\t\t\t\t\t\t<div class=\"box\">\t\t         \t\t\t\t\t\n\t\t\t\t\t\t\t\t\t<img decoding=\"async\" class=\"images\" src=\"https:\/\/legend-media-vault.s3.us-west-2.amazonaws.com\/wp-content\/uploads\/2024\/11\/20111527\/18XT_Sapphire_Blue_ProfileDSC01872.png\">   \n\t\t\t\t\t\t\t\t\t<span class=\"caption simple-caption\">\n\t\t\t\t\t\t\t\t\t\t<a href=\"https:\/\/media.legendboats.com\/fr\/bateaux\/18-xt-sapphire-blue-sport\/\" class=\"btn get-btn\">VOIR LA GALERIE<\/a>\n\t\t\t\t\t\t\t\t\t<\/span>   \n\t\t\t\t\t\t\t\t<\/div>\n\t\t\t\t\t\t\t\t<h3>18 XT Sapphire Blue Sport<\/h3>\n\t\t\t\t\t\t\t<\/div>\n\t\t\t\t\t\t<\/div>\n\t\t\t\t\t<\/div>\n\t\t\t\t<\/div>\n\t\t\t\t\t\t\t<div class=\"wpb_column vc_column_container vc_col-sm-4\">\n\t\t\t\t\t<div class=\"vc_column-inner \">\n\t\t\t\t\t\t<div class=\"wpb_wrapper\">\n\t\t\t\t\t\t\t<div class=\"gallery-grid-box\">\t\t         \t\t\t\t\t\n\t\t\t\t\t\t\t\t<div class=\"box\">\t\t         \t\t\t\t\t\n\t\t\t\t\t\t\t\t\t<img decoding=\"async\" class=\"images\" src=\"https:\/\/legend-media-vault.s3.us-west-2.amazonaws.com\/wp-content\/uploads\/2026\/01\/20155118\/19XT_ChillPepperRed_LegendBoats395A4015.png\">   \n\t\t\t\t\t\t\t\t\t<span class=\"caption simple-caption\">\n\t\t\t\t\t\t\t\t\t\t<a href=\"https:\/\/media.legendboats.com\/fr\/bateaux\/19-xt-chili-pepper-red\/\" class=\"btn get-btn\">VOIR LA GALERIE<\/a>\n\t\t\t\t\t\t\t\t\t<\/span>   \n\t\t\t\t\t\t\t\t<\/div>\n\t\t\t\t\t\t\t\t<h3>19 XT Chili Pepper Red<\/h3>\n\t\t\t\t\t\t\t<\/div>\n\t\t\t\t\t\t<\/div>\n\t\t\t\t\t<\/div>\n\t\t\t\t<\/div>\n\t\t\t\t\t\t\t<div class=\"wpb_column vc_column_container vc_col-sm-4\">\n\t\t\t\t\t<div class=\"vc_column-inner \">\n\t\t\t\t\t\t<div class=\"wpb_wrapper\">\n\t\t\t\t\t\t\t<div class=\"gallery-grid-box\">\t\t         \t\t\t\t\t\n\t\t\t\t\t\t\t\t<div class=\"box\">\t\t         \t\t\t\t\t\n\t\t\t\t\t\t\t\t\t<img decoding=\"async\" class=\"images\" src=\"https:\/\/legend-media-vault.s3.us-west-2.amazonaws.com\/wp-content\/uploads\/2025\/11\/20101016\/18XT_Chili_Pepper_Red_Legendboats395A59111.png\">   \n\t\t\t\t\t\t\t\t\t<span class=\"caption simple-caption\">\n\t\t\t\t\t\t\t\t\t\t<a href=\"https:\/\/media.legendboats.com\/fr\/bateaux\/18-xt-chili-pepper-red\/\" class=\"btn get-btn\">VOIR LA GALERIE<\/a>\n\t\t\t\t\t\t\t\t\t<\/span>   \n\t\t\t\t\t\t\t\t<\/div>\n\t\t\t\t\t\t\t\t<h3>18 XT Chili Pepper Red<\/h3>\n\t\t\t\t\t\t\t<\/div>\n\t\t\t\t\t\t<\/div>\n\t\t\t\t\t<\/div>\n\t\t\t\t<\/div>\n\t\t\t\t\t\t\t<div class=\"wpb_column vc_column_container vc_col-sm-4\">\n\t\t\t\t\t<div class=\"vc_column-inner \">\n\t\t\t\t\t\t<div class=\"wpb_wrapper\">\n\t\t\t\t\t\t\t<div class=\"gallery-grid-box\">\t\t         \t\t\t\t\t\n\t\t\t\t\t\t\t\t<div class=\"box\">\t\t         \t\t\t\t\t\n\t\t\t\t\t\t\t\t\t<img decoding=\"async\" class=\"images\" src=\"https:\/\/legend-media-vault.s3.us-west-2.amazonaws.com\/wp-content\/uploads\/2026\/01\/20165149\/19XT_Sapphire_ProfileUpdated_with-bimini.png\">   \n\t\t\t\t\t\t\t\t\t<span class=\"caption simple-caption\">\n\t\t\t\t\t\t\t\t\t\t<a href=\"https:\/\/media.legendboats.com\/fr\/bateaux\/19-xt-sapphire-blue\/\" class=\"btn get-btn\">VOIR LA GALERIE<\/a>\n\t\t\t\t\t\t\t\t\t<\/span>   \n\t\t\t\t\t\t\t\t<\/div>\n\t\t\t\t\t\t\t\t<h3>19 XT Sapphire Blue<\/h3>\n\t\t\t\t\t\t\t<\/div>\n\t\t\t\t\t\t<\/div>\n\t\t\t\t\t<\/div>\n\t\t\t\t<\/div>\n\t\t\t\t\t\t\t<div class=\"wpb_column vc_column_container vc_col-sm-4\">\n\t\t\t\t\t<div class=\"vc_column-inner \">\n\t\t\t\t\t\t<div class=\"wpb_wrapper\">\n\t\t\t\t\t\t\t<div class=\"gallery-grid-box\">\t\t         \t\t\t\t\t\n\t\t\t\t\t\t\t\t<div class=\"box\">\t\t         \t\t\t\t\t\n\t\t\t\t\t\t\t\t\t<img decoding=\"async\" class=\"images\" src=\"https:\/\/legend-media-vault.s3.us-west-2.amazonaws.com\/wp-content\/uploads\/2026\/01\/21081928\/20_XT_SapphireBlue_LegendBoats395A9381_with-bimini.png\">   \n\t\t\t\t\t\t\t\t\t<span class=\"caption simple-caption\">\n\t\t\t\t\t\t\t\t\t\t<a href=\"https:\/\/media.legendboats.com\/fr\/bateaux\/20-xt-sapphire-blue\/\" class=\"btn get-btn\">VOIR LA GALERIE<\/a>\n\t\t\t\t\t\t\t\t\t<\/span>   \n\t\t\t\t\t\t\t\t<\/div>\n\t\t\t\t\t\t\t\t<h3>20 XT Sapphire Blue<\/h3>\n\t\t\t\t\t\t\t<\/div>\n\t\t\t\t\t\t<\/div>\n\t\t\t\t\t<\/div>\n\t\t\t\t<\/div>\n\t\t\t[\/vc_column][\/vc_row][vc_row][vc_column][vc_empty_space][\/vc_column][\/vc_row][vc_row][vc_column][vc_custom_heading text=\u00a0\u00bbImages En Vedette\u00a0\u00bb use_theme_fonts=\u00a0\u00bbyes\u00a0\u00bb][\/vc_column][\/vc_row][vc_row][vc_column width=\u00a0\u00bb1\/3&Prime;]\n\t\t\t\t<div class=\"box\">\n                    <img decoding=\"async\" class=\"images\" src=\"https:\/\/legend-media-vault.s3.us-west-2.amazonaws.com\/wp-content\/uploads\/2025\/05\/21104258\/20241004-DSC02227-600x400.png\">    \n                    <span class=\"caption simple-caption\">\n                        <strong class=\"img-heading\">17 XT: EZ-Fold Extenda-Deck Converta-Bench<\/strong><br>\n                        <div class=\"download\"><span>T\u00e9l\u00e9charger haute r\u00e9solution<\/span><a href=\"\" class=\"btn get-btn pull-right\" target=\"blank\" download=\"\">OBTENIR<\/a><\/div>\n                        <div class=\"download\"><span>T\u00e9l\u00e9charger base r\u00e9solutionir<\/span><a href=\"https:\/\/legend-media-vault.s3.us-west-2.amazonaws.com\/wp-content\/uploads\/2025\/05\/21104258\/20241004-DSC02227.png\" class=\"btn get-btn pull-right\" target=\"blank\" download=\"\">OBTENIR<\/a><\/div>\n                    <\/span>  \n                <\/div>\n\n          [\/vc_column][vc_column width=\u00a0\u00bb1\/3&Prime;]\n\t\t\t\t<div class=\"box\">\n                    <img decoding=\"async\" class=\"images\" src=\"https:\/\/legend-media-vault.s3.us-west-2.amazonaws.com\/wp-content\/uploads\/2025\/05\/21103943\/20241004-DSC02254-600x400.png\">    \n                    <span class=\"caption simple-caption\">\n                        <strong class=\"img-heading\">17 XT: Lockable In-Floor Rod Locker<\/strong><br>\n                        <div class=\"download\"><span>T\u00e9l\u00e9charger haute r\u00e9solution<\/span><a href=\"\" class=\"btn get-btn pull-right\" target=\"blank\" download=\"\">OBTENIR<\/a><\/div>\n                        <div class=\"download\"><span>T\u00e9l\u00e9charger base r\u00e9solutionir<\/span><a href=\"https:\/\/legend-media-vault.s3.us-west-2.amazonaws.com\/wp-content\/uploads\/2025\/05\/21103943\/20241004-DSC02254.png\" class=\"btn get-btn pull-right\" target=\"blank\" download=\"\">OBTENIR<\/a><\/div>\n                    <\/span>  \n                <\/div>\n\n          [\/vc_column][vc_column width=\u00a0\u00bb1\/3&Prime;]\n\t\t\t\t<div class=\"box\">\n                    <img decoding=\"async\" class=\"images\" src=\"https:\/\/legend-media-vault.s3.us-west-2.amazonaws.com\/wp-content\/uploads\/2025\/05\/21104710\/20241004-DSC02214-600x400.png\">    \n                    <span class=\"caption simple-caption\">\n                        <strong class=\"img-heading\">17 XT: Aerated Stern Livewell 75 Litres (20 US Gallons)<\/strong><br>\n                        <div class=\"download\"><span>T\u00e9l\u00e9charger haute r\u00e9solution<\/span><a href=\"\" class=\"btn get-btn pull-right\" target=\"blank\" download=\"\">OBTENIR<\/a><\/div>\n                        <div class=\"download\"><span>T\u00e9l\u00e9charger base r\u00e9solutionir<\/span><a href=\"https:\/\/legend-media-vault.s3.us-west-2.amazonaws.com\/wp-content\/uploads\/2025\/05\/21104710\/20241004-DSC02214.png\" class=\"btn get-btn pull-right\" target=\"blank\" download=\"\">OBTENIR<\/a><\/div>\n                    <\/span>  \n                <\/div>\n\n          [\/vc_column][\/vc_row][vc_row][vc_column width=\u00a0\u00bb1\/3&Prime;]\n\t\t\t\t<div class=\"box\">\n                    <img decoding=\"async\" class=\"images\" src=\"https:\/\/legend-media-vault.s3.us-west-2.amazonaws.com\/wp-content\/uploads\/2025\/05\/21105100\/20241003-DSC02025-600x400.png\">    \n                    <span class=\"caption simple-caption\">\n                        <strong class=\"img-heading\">18 XT Sport: Passenger Console Cooler Storage<\/strong><br>\n                        <div class=\"download\"><span>T\u00e9l\u00e9charger haute r\u00e9solution<\/span><a href=\"\" class=\"btn get-btn pull-right\" target=\"blank\" download=\"\">OBTENIR<\/a><\/div>\n                        <div class=\"download\"><span>T\u00e9l\u00e9charger base r\u00e9solutionir<\/span><a href=\"https:\/\/legend-media-vault.s3.us-west-2.amazonaws.com\/wp-content\/uploads\/2025\/05\/21105100\/20241003-DSC02025.png\" class=\"btn get-btn pull-right\" target=\"blank\" download=\"\">OBTENIR<\/a><\/div>\n                    <\/span>  \n                <\/div>\n\n          [\/vc_column][vc_column width=\u00a0\u00bb1\/3&Prime;]\n\t\t\t\t<div class=\"box\">\n                    <img decoding=\"async\" class=\"images\" src=\"https:\/\/legend-media-vault.s3.us-west-2.amazonaws.com\/wp-content\/uploads\/2025\/05\/21105243\/20241003-DSC02038-600x400.png\">    \n                    <span class=\"caption simple-caption\">\n                        <strong class=\"img-heading\">18 XT Sport Pro: Deluxe Command-vu Console<\/strong><br>\n                        <div class=\"download\"><span>T\u00e9l\u00e9charger haute r\u00e9solution<\/span><a href=\"\" class=\"btn get-btn pull-right\" target=\"blank\" download=\"\">OBTENIR<\/a><\/div>\n                        <div class=\"download\"><span>T\u00e9l\u00e9charger base r\u00e9solutionir<\/span><a href=\"https:\/\/legend-media-vault.s3.us-west-2.amazonaws.com\/wp-content\/uploads\/2025\/05\/21105243\/20241003-DSC02038.png\" class=\"btn get-btn pull-right\" target=\"blank\" download=\"\">OBTENIR<\/a><\/div>\n                    <\/span>  \n                <\/div>\n\n          [\/vc_column][vc_column width=\u00a0\u00bb1\/3&Prime;]\n\t\t\t\t<div class=\"box\">\n                    <img decoding=\"async\" class=\"images\" src=\"https:\/\/legend-media-vault.s3.us-west-2.amazonaws.com\/wp-content\/uploads\/2025\/05\/21105642\/20241003-DSC01997-600x400.png\">    \n                    <span class=\"caption simple-caption\">\n                        <strong class=\"img-heading\">18 XT Sport: Captains Chair<\/strong><br>\n                        <div class=\"download\"><span>T\u00e9l\u00e9charger haute r\u00e9solution<\/span><a href=\"\" class=\"btn get-btn pull-right\" target=\"blank\" download=\"\">OBTENIR<\/a><\/div>\n                        <div class=\"download\"><span>T\u00e9l\u00e9charger base r\u00e9solutionir<\/span><a href=\"https:\/\/legend-media-vault.s3.us-west-2.amazonaws.com\/wp-content\/uploads\/2025\/05\/21105642\/20241003-DSC01997.png\" class=\"btn get-btn pull-right\" target=\"blank\" download=\"\">OBTENIR<\/a><\/div>\n                    <\/span>  \n                <\/div>\n\n          [\/vc_column][\/vc_row][vc_row][vc_column width=\u00a0\u00bb1\/3&Prime;]\n\t\t\t\t<div class=\"box\">\n                    <img decoding=\"async\" class=\"images\" src=\"https:\/\/legend-media-vault.s3.us-west-2.amazonaws.com\/wp-content\/uploads\/2025\/05\/21105417\/20241004-DSC02113-600x400.png\">    \n                    <span class=\"caption simple-caption\">\n                        <strong class=\"img-heading\">18 XT Sport: Front View<\/strong><br>\n                        <div class=\"download\"><span>T\u00e9l\u00e9charger haute r\u00e9solution<\/span><a href=\"\" class=\"btn get-btn pull-right\" target=\"blank\" download=\"\">OBTENIR<\/a><\/div>\n                        <div class=\"download\"><span>T\u00e9l\u00e9charger base r\u00e9solutionir<\/span><a href=\"https:\/\/legend-media-vault.s3.us-west-2.amazonaws.com\/wp-content\/uploads\/2025\/05\/21105417\/20241004-DSC02113.png\" class=\"btn get-btn pull-right\" target=\"blank\" download=\"\">OBTENIR<\/a><\/div>\n                    <\/span>  \n                <\/div>\n\n          [\/vc_column][vc_column width=\u00a0\u00bb1\/3&Prime;]\n\t\t\t\t<div class=\"box\">\n                    <img decoding=\"async\" class=\"images\" src=\"https:\/\/legend-media-vault.s3.us-west-2.amazonaws.com\/wp-content\/uploads\/2025\/05\/21110602\/20241004-DSC02312-600x400.png\">    \n                    <span class=\"caption simple-caption\">\n                        <strong class=\"img-heading\">17 XT: Oversized Port &amp; Starboard Bow Storage.<\/strong><br>\n                        <div class=\"download\"><span>T\u00e9l\u00e9charger haute r\u00e9solution<\/span><a href=\"\" class=\"btn get-btn pull-right\" target=\"blank\" download=\"\">OBTENIR<\/a><\/div>\n                        <div class=\"download\"><span>T\u00e9l\u00e9charger base r\u00e9solutionir<\/span><a href=\"https:\/\/legend-media-vault.s3.us-west-2.amazonaws.com\/wp-content\/uploads\/2025\/05\/21110602\/20241004-DSC02312.png\" class=\"btn get-btn pull-right\" target=\"blank\" download=\"\">OBTENIR<\/a><\/div>\n                    <\/span>  \n                <\/div>\n\n          [\/vc_column][vc_column width=\u00a0\u00bb1\/3&Prime;]\n\t\t\t\t<div class=\"box\">\n                    <img decoding=\"async\" class=\"images\" src=\"https:\/\/legend-media-vault.s3.us-west-2.amazonaws.com\/wp-content\/uploads\/2025\/05\/21110344\/20241003-DSC01950-600x400.png\">    \n                    <span class=\"caption simple-caption\">\n                        <strong class=\"img-heading\">18 XT Sport: Stern Storage &amp; Aluminum Ski Pole<\/strong><br>\n                        <div class=\"download\"><span>T\u00e9l\u00e9charger haute r\u00e9solution<\/span><a href=\"\" class=\"btn get-btn pull-right\" target=\"blank\" download=\"\">OBTENIR<\/a><\/div>\n                        <div class=\"download\"><span>T\u00e9l\u00e9charger base r\u00e9solutionir<\/span><a href=\"https:\/\/legend-media-vault.s3.us-west-2.amazonaws.com\/wp-content\/uploads\/2025\/05\/21110344\/20241003-DSC01950.png\" class=\"btn get-btn pull-right\" target=\"blank\" download=\"\">OBTENIR<\/a><\/div>\n                    <\/span>  \n                <\/div>\n\n          [\/vc_column][\/vc_row][vc_row][vc_column][vc_empty_space][\/vc_column][\/vc_row][vc_row][vc_column][vc_custom_heading text=\u00a0\u00bbVid\u00e9o En Vedette\u00a0\u00bb use_theme_fonts=\u00a0\u00bbyes\u00a0\u00bb][\/vc_column][\/vc_row][vc_row][vc_column][vc_custom_heading text=\u00a0\u00bbBateaux Legend 2026 S\u00e9rie XT\u00a0\u00bb font_container=\u00a0\u00bbtag:h3|text_align:left\u00a0\u00bb use_theme_fonts=\u00a0\u00bbyes\u00a0\u00bb][vc_video link=\u00a0\u00bbhttps:\/\/youtu.be\/rMxcFn5p7ao\u00a0\u00bb]\n\t\t\t<div class=\"vc_general vc_cta3 vc_cta3-style-classic vc_cta3-shape-rounded vc_cta3-align-center vc_cta3-color-classic vc_cta3-icon-size-md vc_cta3-actions-bottom\" style=\"margin-bottom: 20px;\">\n\t\t\t\t<div class=\"vc_cta3_content-container\">\n\t\t\t\t\t<div class=\"vc_cta3-content\">\n\t\t\t\t\t\t<header class=\"vc_cta3-content-header\">\n\t\t\t\t\t\t\t<h2 class=\"vc_custom_heading\"><\/h2>\n\t\t\t\t\t\t<\/header>\n\t\t\t\t\t<\/div>\n\t\t\t\t\t\t\t\t\t\t\t<div class=\"vc_cta3-actions\">\n\t\t\t\t\t\t\t<div class=\"vc_btn3-container vc_btn3-center\">\n\t\t\t\t\t\t\t\t<a style=\"background-color:#2cb2eb; color:#ffffff;\" class=\"vc_general vc_btn3 vc_btn3-size-md vc_btn3-shape-rounded vc_btn3-style-custom\" href=\"https:\/\/drive.google.com\/open?id=1hlD03fGtwpDeTQI_5-TB-vwiWt2scZd-&amp;usp=drive_fs\" title=\"\" target=\"_blank\" download=\"\">T\u00e9l\u00e9charger la video<\/a>\n\t\t\t\t\t\t\t<\/div>\n\t\t\t\t\t\t<\/div>\n\t\t\t\t\t\t\t\t\t<\/div>\n\t\t\t<\/div>\n          [\/vc_column][\/vc_row][vc_row][vc_column][vc_custom_heading text=\u00a0\u00bbBateaux Legend 2026 17 XT\u00a0\u00bb font_container=\u00a0\u00bbtag:h3|text_align:left\u00a0\u00bb use_theme_fonts=\u00a0\u00bbyes\u00a0\u00bb][\/vc_column][\/vc_row][vc_row][vc_column][vc_video link=\u00a0\u00bbhttps:\/\/www.youtube.com\/watch?v=yiLxre36ktg\u00a0\u00bb][\/vc_column][\/vc_row][vc_row][vc_column][vc_custom_heading text=\u00a0\u00bbBateaux Legend 2026 18 XT\u00a0\u00bb font_container=\u00a0\u00bbtag:h3|text_align:left\u00a0\u00bb use_theme_fonts=\u00a0\u00bbyes\u00a0\u00bb][\/vc_column][\/vc_row][vc_row][vc_column][vc_video link=\u00a0\u00bbhttps:\/\/www.youtube.com\/watch?v=TQWEWKANEiY\u00a0\u00bb][\/vc_column][\/vc_row][vc_row][vc_column][vc_empty_space][\/vc_column][\/vc_row]<\/p>\n<\/section>","protected":false},"excerpt":{"rendered":"<p>[vc_row][vc_column][vc_empty_space][\/vc_column][\/vc_row][vc_row][vc_column][vc_custom_heading text=\u00a0\u00bbS\u00e9rie XT\u00a0\u00bb font_container=\u00a0\u00bbtag:h1|text_align:left\u00a0\u00bb use_theme_fonts=\u00a0\u00bbyes\u00a0\u00bb][\/vc_column][\/vc_row][vc_row][vc_column][\/vc_column][\/vc_row][vc_row][vc_column][vc_empty_space][\/vc_column][\/vc_row][vc_row][vc_column][vc_custom_heading text=\u00a0\u00bbImages En Vedette\u00a0\u00bb use_theme_fonts=\u00a0\u00bbyes\u00a0\u00bb][\/vc_column][\/vc_row][vc_row][vc_column width=\u00a0\u00bb1\/3&Prime;][\/vc_column][vc_column width=\u00a0\u00bb1\/3&Prime;][\/vc_column][vc_column width=\u00a0\u00bb1\/3&Prime;][\/vc_column][\/vc_row][vc_row][vc_column width=\u00a0\u00bb1\/3&Prime;][\/vc_column][vc_column width=\u00a0\u00bb1\/3&Prime;][\/vc_column][vc_column width=\u00a0\u00bb1\/3&Prime;][\/vc_column][\/vc_row][vc_row][vc_column width=\u00a0\u00bb1\/3&Prime;][\/vc_column][vc_column width=\u00a0\u00bb1\/3&Prime;][\/vc_column][vc_column width=\u00a0\u00bb1\/3&Prime;][\/vc_column][\/vc_row][vc_row][vc_column][vc_empty_space][\/vc_column][\/vc_row][vc_row][vc_column][vc_custom_heading text=\u00a0\u00bbVid\u00e9o En Vedette\u00a0\u00bb use_theme_fonts=\u00a0\u00bbyes\u00a0\u00bb][\/vc_column][\/vc_row][vc_row][vc_column][vc_custom_heading text=\u00a0\u00bbBateaux Legend 2026 S\u00e9rie XT\u00a0\u00bb font_container=\u00a0\u00bbtag:h3|text_align:left\u00a0\u00bb use_theme_fonts=\u00a0\u00bbyes\u00a0\u00bb][vc_video link=\u00a0\u00bbhttps:\/\/youtu.be\/rMxcFn5p7ao\u00a0\u00bb][\/vc_column][\/vc_row][vc_row][vc_column][vc_custom_heading text=\u00a0\u00bbBateaux Legend 2026 17 XT\u00a0\u00bb font_container=\u00a0\u00bbtag:h3|text_align:left\u00a0\u00bb use_theme_fonts=\u00a0\u00bbyes\u00a0\u00bb][\/vc_column][\/vc_row][vc_row][vc_column][vc_video link=\u00a0\u00bbhttps:\/\/www.youtube.com\/watch?v=yiLxre36ktg\u00a0\u00bb][\/vc_column][\/vc_row][vc_row][vc_column][vc_custom_heading text=\u00a0\u00bbBateaux Legend 2026 18 XT\u00a0\u00bb font_container=\u00a0\u00bbtag:h3|text_align:left\u00a0\u00bb use_theme_fonts=\u00a0\u00bbyes\u00a0\u00bb][\/vc_column][\/vc_row][vc_row][vc_column][vc_video link=\u00a0\u00bbhttps:\/\/www.youtube.com\/watch?v=TQWEWKANEiY\u00a0\u00bb][\/vc_column][\/vc_row][vc_row][vc_column][vc_empty_space][\/vc_column][\/vc_row]<\/p>\n","protected":false},"author":9,"featured_media":0,"parent":1303,"menu_order":0,"comment_status":"closed","ping_status":"closed","template":"","meta":{"footnotes":""},"class_list":["post-31782","page","type-page","status-publish","hentry"],"_links":{"self":[{"href":"https:\/\/media.legendboats.com\/fr\/wp-json\/wp\/v2\/pages\/31782"}],"collection":[{"href":"https:\/\/media.legendboats.com\/fr\/wp-json\/wp\/v2\/pages"}],"about":[{"href":"https:\/\/media.legendboats.com\/fr\/wp-json\/wp\/v2\/types\/page"}],"author":[{"embeddable":true,"href":"https:\/\/media.legendboats.com\/fr\/wp-json\/wp\/v2\/users\/9"}],"replies":[{"embeddable":true,"href":"https:\/\/media.legendboats.com\/fr\/wp-json\/wp\/v2\/comments?post=31782"}],"version-history":[{"count":8,"href":"https:\/\/media.legendboats.com\/fr\/wp-json\/wp\/v2\/pages\/31782\/revisions"}],"predecessor-version":[{"id":37573,"href":"https:\/\/media.legendboats.com\/fr\/wp-json\/wp\/v2\/pages\/31782\/revisions\/37573"}],"up":[{"embeddable":true,"href":"https:\/\/media.legendboats.com\/fr\/wp-json\/wp\/v2\/pages\/1303"}],"wp:attachment":[{"href":"https:\/\/media.legendboats.com\/fr\/wp-json\/wp\/v2\/media?parent=31782"}],"curies":[{"name":"wp","href":"https:\/\/api.w.org\/{rel}","templated":true}]}}