{"id":1301,"date":"2017-03-06T13:24:41","date_gmt":"2017-03-06T18:24:41","guid":{"rendered":"http:\/\/media.legendboats.com\/?page_id=1301"},"modified":"2021-12-03T15:30:28","modified_gmt":"2021-12-03T20:30:28","slug":"home","status":"publish","type":"page","link":"https:\/\/media.legendboats.com\/fr\/","title":{"rendered":"Page d&rsquo;accueil"},"content":{"rendered":"<section class=\"wpb-content-wrapper\"><p>[vc_row full_width=\u00a0\u00bbstretch_row_content_no_spaces\u00a0\u00bb disable_element=\u00a0\u00bbyes\u00a0\u00bb css=\u00a0\u00bb.vc_custom_1487690818150{padding-right: -15px !important;padding-left: -15px !important;}\u00a0\u00bb][vc_column][vc_images_carousel images=\u00a0\u00bb97,98,99&Prime; img_size=\u00a0\u00bbfull\u00a0\u00bb onclick=\u00a0\u00bblink_no\u00a0\u00bb autoplay=\u00a0\u00bbyes\u00a0\u00bb hide_prev_next_buttons=\u00a0\u00bbyes\u00a0\u00bb wrap=\u00a0\u00bbyes\u00a0\u00bb el_class=\u00a0\u00bbcarousel slide slider-margin\u00a0\u00bb][\/vc_column][\/vc_row][vc_row full_width=\u00a0\u00bbstretch_row_content_no_spaces\u00a0\u00bb equal_height=\u00a0\u00bbyes\u00a0\u00bb][vc_column width=\u00a0\u00bb1\/2&Prime;][vc_single_image image=\u00a0\u00bb1297&Prime; img_size=\u00a0\u00bbfull\u00a0\u00bb alignment=\u00a0\u00bbright\u00a0\u00bb onclick=\u00a0\u00bbcustom_link\u00a0\u00bb link=\u00a0\u00bbhttp:\/\/media.legendboats.com\/fr\/bateaux\/\u00a0\u00bb el_class=\u00a0\u00bbboat-link\u00a0\u00bb][\/vc_column][vc_column width=\u00a0\u00bb1\/2&Prime;][vc_single_image image=\u00a0\u00bb1298&Prime; img_size=\u00a0\u00bbfull\u00a0\u00bb onclick=\u00a0\u00bbcustom_link\u00a0\u00bb link=\u00a0\u00bbhttp:\/\/media.legendboats.com\/fr\/pontons\/\u00a0\u00bb el_class=\u00a0\u00bbpontoon-link\u00a0\u00bb][\/vc_column][\/vc_row][vc_row el_class=\u00a0\u00bbtext-center\u00a0\u00bb css=\u00a0\u00bb.vc_custom_1487108124464{margin-top: 100px !important;margin-bottom: 80px !important;}\u00a0\u00bb][vc_column width=\u00a0\u00bb1\/3&Prime;][vc_column_text]<img loading=\"lazy\" decoding=\"async\" width=\"60\" height=\"50\" class=\"aligncenter size-full wp-image-100\" src=\"https:\/\/s3-us-west-2.amazonaws.com\/legend-media-vault\/wp\u2011content\/uploads\/2017\/02\/photography.png\" alt=\"\" srcset=\"https:\/\/s3-us-west-2.amazonaws.com\/legend-media-vault\/wp-content\/uploads\/2017\/02\/photography.png 60w, https:\/\/s3-us-west-2.amazonaws.com\/legend-media-vault\/wp-content\/uploads\/2017\/02\/photography-24x20.png 24w, https:\/\/s3-us-west-2.amazonaws.com\/legend-media-vault\/wp-content\/uploads\/2017\/02\/photography-36x30.png 36w, https:\/\/s3-us-west-2.amazonaws.com\/legend-media-vault\/wp-content\/uploads\/2017\/02\/photography-48x40.png 48w\" sizes=\"(max-width: 60px) 100vw, 60px\" \/><\/p>\n<h3>La photographie<\/h3>\n<hr \/>\n<p>Toutes nos photographies sur l&rsquo;eau et en studio ont \u00e9t\u00e9 modifi\u00e9es pour l&rsquo;imprimerie (haute r\u00e9solution) et le web (basse r\u00e9solution) que vous pouvez t\u00e9l\u00e9charger. [\/vc_column_text][\/vc_column][vc_column width=\u00a0\u00bb1\/3&Prime;][vc_column_text]<img loading=\"lazy\" decoding=\"async\" class=\"aligncenter size-full wp-image-101\" src=\"https:\/\/s3-us-west-2.amazonaws.com\/legend-media-vault\/wp\u2011content\/uploads\/2017\/02\/press.png\" alt=\"\" width=\"60\" height=\"50\" srcset=\"https:\/\/s3-us-west-2.amazonaws.com\/legend-media-vault\/wp-content\/uploads\/2017\/02\/press.png 60w, https:\/\/s3-us-west-2.amazonaws.com\/legend-media-vault\/wp-content\/uploads\/2017\/02\/press-24x20.png 24w, https:\/\/s3-us-west-2.amazonaws.com\/legend-media-vault\/wp-content\/uploads\/2017\/02\/press-36x30.png 36w, https:\/\/s3-us-west-2.amazonaws.com\/legend-media-vault\/wp-content\/uploads\/2017\/02\/press-48x40.png 48w\" sizes=\"(max-width: 60px) 100vw, 60px\" \/><\/p>\n<h3>Dossier de presse<\/h3>\n<hr \/>\n<p>Dans notre dossier de presse vous trouverez des informations sur l&rsquo;histoire de l&rsquo;entreprise, des faits int\u00e9ressants, faits des mod\u00e8les de Legend et bien plus encore. <a class=\"inside-link\" href=\"http:\/\/media.legendboats.com\/fr\/telechargement-media\/kit-media\/\">Cliquez ici<\/a> pour t\u00e9l\u00e9charger.[\/vc_column_text][\/vc_column][vc_column width=\u00a0\u00bb1\/3&Prime;][vc_column_text]<img loading=\"lazy\" decoding=\"async\" class=\"aligncenter size-full wp-image-1546\" src=\"http:\/\/s3-us-west-2.amazonaws.com\/legend-media-vault\/wp-content\/uploads\/2017\/02\/24103304\/contact.png\" alt=\"\" width=\"60\" height=\"50\" srcset=\"https:\/\/legend-media-vault.s3.us-west-2.amazonaws.com\/wp-content\/uploads\/2017\/02\/24103304\/contact.png 60w, https:\/\/legend-media-vault.s3.us-west-2.amazonaws.com\/wp-content\/uploads\/2017\/02\/24103304\/contact-24x20.png 24w, https:\/\/legend-media-vault.s3.us-west-2.amazonaws.com\/wp-content\/uploads\/2017\/02\/24103304\/contact-36x30.png 36w, https:\/\/legend-media-vault.s3.us-west-2.amazonaws.com\/wp-content\/uploads\/2017\/02\/24103304\/contact-48x40.png 48w\" sizes=\"(max-width: 60px) 100vw, 60px\" \/><\/p>\n<h3>Avez-vous une demande sp\u00e9cifique?<\/h3>\n<hr \/>\n<p>Contactez Mario Paris\u00e9<br \/>\nDirecteur de Marketing<br \/>\n<strong>T\u00e9l\u00e9phone:<\/strong> 705.230.8570<br \/>\n<strong>Courriel:<\/strong> <a class=\"inside-link\" href=\"mailto:mparise@legendboats.com\">mparise@legendboats.com<\/a>[\/vc_column_text][\/vc_column][\/vc_row]<\/p>\n<\/section>","protected":false},"excerpt":{"rendered":"<p>[vc_row full_width=\u00a0\u00bbstretch_row_content_no_spaces\u00a0\u00bb disable_element=\u00a0\u00bbyes\u00a0\u00bb css=\u00a0\u00bb.vc_custom_1487690818150{padding-right: -15px !important;padding-left: -15px !important;}\u00a0\u00bb][vc_column][vc_images_carousel images=\u00a0\u00bb97,98,99&Prime; img_size=\u00a0\u00bbfull\u00a0\u00bb onclick=\u00a0\u00bblink_no\u00a0\u00bb autoplay=\u00a0\u00bbyes\u00a0\u00bb hide_prev_next_buttons=\u00a0\u00bbyes\u00a0\u00bb wrap=\u00a0\u00bbyes\u00a0\u00bb el_class=\u00a0\u00bbcarousel slide slider-margin\u00a0\u00bb][\/vc_column][\/vc_row][vc_row full_width=\u00a0\u00bbstretch_row_content_no_spaces\u00a0\u00bb equal_height=\u00a0\u00bbyes\u00a0\u00bb][vc_column width=\u00a0\u00bb1\/2&Prime;][vc_single_image image=\u00a0\u00bb1297&Prime; img_size=\u00a0\u00bbfull\u00a0\u00bb alignment=\u00a0\u00bbright\u00a0\u00bb onclick=\u00a0\u00bbcustom_link\u00a0\u00bb link=\u00a0\u00bbhttp:\/\/media.legendboats.com\/fr\/bateaux\/\u00a0\u00bb el_class=\u00a0\u00bbboat-link\u00a0\u00bb][\/vc_column][vc_column width=\u00a0\u00bb1\/2&Prime;][vc_single_image image=\u00a0\u00bb1298&Prime; img_size=\u00a0\u00bbfull\u00a0\u00bb onclick=\u00a0\u00bbcustom_link\u00a0\u00bb link=\u00a0\u00bbhttp:\/\/media.legendboats.com\/fr\/pontons\/\u00a0\u00bb el_class=\u00a0\u00bbpontoon-link\u00a0\u00bb][\/vc_column][\/vc_row][vc_row el_class=\u00a0\u00bbtext-center\u00a0\u00bb css=\u00a0\u00bb.vc_custom_1487108124464{margin-top: 100px !important;margin-bottom: 80px !important;}\u00a0\u00bb][vc_column width=\u00a0\u00bb1\/3&Prime;][vc_column_text] La photographie Toutes nos photographies sur l&rsquo;eau et en studio ont \u00e9t\u00e9 modifi\u00e9es pour l&rsquo;imprimerie (haute [&hellip;]<\/p>\n","protected":false},"author":3,"featured_media":0,"parent":0,"menu_order":1,"comment_status":"closed","ping_status":"closed","template":"","meta":{"footnotes":""},"class_list":["post-1301","page","type-page","status-publish","hentry"],"_links":{"self":[{"href":"https:\/\/media.legendboats.com\/fr\/wp-json\/wp\/v2\/pages\/1301"}],"collection":[{"href":"https:\/\/media.legendboats.com\/fr\/wp-json\/wp\/v2\/pages"}],"about":[{"href":"https:\/\/media.legendboats.com\/fr\/wp-json\/wp\/v2\/types\/page"}],"author":[{"embeddable":true,"href":"https:\/\/media.legendboats.com\/fr\/wp-json\/wp\/v2\/users\/3"}],"replies":[{"embeddable":true,"href":"https:\/\/media.legendboats.com\/fr\/wp-json\/wp\/v2\/comments?post=1301"}],"version-history":[{"count":11,"href":"https:\/\/media.legendboats.com\/fr\/wp-json\/wp\/v2\/pages\/1301\/revisions"}],"predecessor-version":[{"id":7465,"href":"https:\/\/media.legendboats.com\/fr\/wp-json\/wp\/v2\/pages\/1301\/revisions\/7465"}],"wp:attachment":[{"href":"https:\/\/media.legendboats.com\/fr\/wp-json\/wp\/v2\/media?parent=1301"}],"curies":[{"name":"wp","href":"https:\/\/api.w.org\/{rel}","templated":true}]}}